{"id":797,"date":"2026-01-12T10:38:32","date_gmt":"2026-01-12T09:38:32","guid":{"rendered":"https:\/\/ccrv-cagnes.fr\/?page_id=797"},"modified":"2026-01-29T11:45:01","modified_gmt":"2026-01-29T10:45:01","slug":"nos-reussites","status":"publish","type":"page","link":"https:\/\/ccrv-cagnes.fr\/index.php\/nos-reussites\/","title":{"rendered":"Nos r\u00e9ussites"},"content":{"rendered":"\n<figure class=\"wp-block-image size-large is-resized\"><a href=\"https:\/\/ccrv-cagnes.fr\/wp-content\/uploads\/2026\/01\/20251116-Rehabilitation-Bassin-retention-Sainte-Colombe.pdf\" target=\"_blank\" rel=\" noreferrer noopener\"><img loading=\"lazy\" decoding=\"async\" width=\"768\" height=\"1024\" src=\"https:\/\/ccrv-cagnes.fr\/wp-content\/uploads\/2026\/01\/Bassin-Sainte-Colombe-768x1024.jpg\" alt=\"\" class=\"wp-image-845\" style=\"aspect-ratio:0.7500048027971491;width:306px;height:auto\" srcset=\"https:\/\/ccrv-cagnes.fr\/wp-content\/uploads\/2026\/01\/Bassin-Sainte-Colombe-768x1024.jpg 768w, https:\/\/ccrv-cagnes.fr\/wp-content\/uploads\/2026\/01\/Bassin-Sainte-Colombe-225x300.jpg 225w, https:\/\/ccrv-cagnes.fr\/wp-content\/uploads\/2026\/01\/Bassin-Sainte-Colombe-1152x1536.jpg 1152w, https:\/\/ccrv-cagnes.fr\/wp-content\/uploads\/2026\/01\/Bassin-Sainte-Colombe-1536x2048.jpg 1536w, https:\/\/ccrv-cagnes.fr\/wp-content\/uploads\/2026\/01\/Bassin-Sainte-Colombe-1568x2090.jpg 1568w, https:\/\/ccrv-cagnes.fr\/wp-content\/uploads\/2026\/01\/Bassin-Sainte-Colombe.jpg 1576w\" sizes=\"auto, (max-width: 768px) 100vw, 768px\" \/><\/a><figcaption class=\"wp-element-caption\"><strong><a href=\"https:\/\/ccrv-cagnes.fr\/wp-content\/uploads\/2026\/01\/Bassin-Sainte-Colombe.jpg\">Bassin Sainte-Colombe (2025)<\/a><\/strong><\/figcaption><\/figure>\n\n\n\n<figure class=\"wp-block-image size-full is-resized\"><a href=\"https:\/\/ccrv-cagnes.fr\/wp-content\/uploads\/2026\/01\/2025-Actions-multidomaines-CCRV-Mairie-MNCA.pdf\" target=\"_blank\" rel=\" noreferrer noopener\"><img loading=\"lazy\" decoding=\"async\" width=\"600\" height=\"201\" src=\"https:\/\/ccrv-cagnes.fr\/wp-content\/uploads\/2026\/01\/Multidomaines.jpg\" alt=\"\" class=\"wp-image-854\" style=\"width:600px;height:auto\" srcset=\"https:\/\/ccrv-cagnes.fr\/wp-content\/uploads\/2026\/01\/Multidomaines.jpg 600w, https:\/\/ccrv-cagnes.fr\/wp-content\/uploads\/2026\/01\/Multidomaines-300x101.jpg 300w\" sizes=\"auto, (max-width: 600px) 100vw, 600px\" \/><\/a><figcaption class=\"wp-element-caption\"><strong><a href=\"https:\/\/ccrv-cagnes.fr\/wp-content\/uploads\/2026\/01\/2025-Actions-multidomaines-CCRV-Mairie-MNCA.pdf\" target=\"_blank\" rel=\"noreferrer noopener\">Actions CCRV-Mairie-MNCA (2025)<\/a><\/strong><\/figcaption><\/figure>\n\n\n\n<figure class=\"wp-block-image size-full\"><a href=\"https:\/\/ccrv-cagnes.fr\/wp-content\/uploads\/2026\/01\/20250721-ReunionCollectif.png\" target=\"_blank\" rel=\" noreferrer noopener\"><img loading=\"lazy\" decoding=\"async\" width=\"847\" height=\"565\" src=\"https:\/\/ccrv-cagnes.fr\/wp-content\/uploads\/2026\/01\/Collectif.jpg\" alt=\"\" class=\"wp-image-876\" srcset=\"https:\/\/ccrv-cagnes.fr\/wp-content\/uploads\/2026\/01\/Collectif.jpg 847w, https:\/\/ccrv-cagnes.fr\/wp-content\/uploads\/2026\/01\/Collectif-300x200.jpg 300w, https:\/\/ccrv-cagnes.fr\/wp-content\/uploads\/2026\/01\/Collectif-768x512.jpg 768w\" sizes=\"auto, (max-width: 847px) 100vw, 847px\" \/><\/a><figcaption class=\"wp-element-caption\"><strong><a href=\"https:\/\/ccrv-cagnes.fr\/wp-content\/uploads\/2026\/01\/20250721-ReunionCollectif.png\">C<\/a><a href=\"https:\/\/ccrv-cagnes.fr\/wp-content\/uploads\/2026\/01\/20250721-Presentation-Transports-TAD-bus-parkings.pdf\" target=\"_blank\" rel=\"noreferrer noopener\">r\u00e9ation collectif Comit\u00e9s de Quartiers, Associations et F\u00e9d\u00e9ration de commer\u00e7ants dans le cadre de l&rsquo;am\u00e9lioration de l&rsquo;accessibilit\u00e9 hypercentre pour cagnois (2025)<\/a><\/strong><\/figcaption><\/figure>\n\n\n\n<p class=\"has-text-align-center has-background\" style=\"background-color:#ed8608;font-size:18px;line-height:0\">-><em><a href=\"https:\/\/ccrv-cagnes.fr\/index.php\/suivi-projets\/#SPAHPC\" target=\"_blank\" rel=\"noreferrer noopener\">Suivi du projet<\/a><\/em>&lt;-<\/p>\n\n\n\n<p><\/p>\n","protected":false},"excerpt":{"rendered":"<p>->Suivi du projet&lt;-<\/p>\n","protected":false},"author":1,"featured_media":0,"parent":0,"menu_order":0,"comment_status":"closed","ping_status":"closed","template":"","meta":{"footnotes":""},"class_list":["post-797","page","type-page","status-publish","hentry","entry"],"yoast_head":"<!-- This site is optimized with the Yoast SEO plugin v27.3 - https:\/\/yoast.com\/product\/yoast-seo-wordpress\/ -->\n<title>Nos r\u00e9ussites - Comit\u00e9 Collines Route de Vence<\/title>\n<meta name=\"robots\" content=\"index, follow, max-snippet:-1, max-image-preview:large, max-video-preview:-1\" \/>\n<link rel=\"canonical\" href=\"https:\/\/ccrv-cagnes.fr\/index.php\/nos-reussites\/\" \/>\n<meta property=\"og:locale\" content=\"fr_FR\" \/>\n<meta property=\"og:type\" content=\"article\" \/>\n<meta property=\"og:title\" content=\"Nos r\u00e9ussites - Comit\u00e9 Collines Route de Vence\" \/>\n<meta property=\"og:description\" content=\"-&gt;Suivi du projet&lt;-\" \/>\n<meta property=\"og:url\" content=\"https:\/\/ccrv-cagnes.fr\/index.php\/nos-reussites\/\" \/>\n<meta property=\"og:site_name\" content=\"Comit\u00e9 Collines Route de Vence\" \/>\n<meta property=\"article:modified_time\" content=\"2026-01-29T10:45:01+00:00\" \/>\n<meta property=\"og:image\" content=\"https:\/\/ccrv-cagnes.fr\/wp-content\/uploads\/2026\/01\/Bassin-Sainte-Colombe.jpg\" \/>\n\t<meta property=\"og:image:width\" content=\"1576\" \/>\n\t<meta property=\"og:image:height\" content=\"2101\" \/>\n\t<meta property=\"og:image:type\" content=\"image\/jpeg\" \/>\n<meta name=\"twitter:card\" content=\"summary_large_image\" \/>\n<meta name=\"twitter:label1\" content=\"Dur\u00e9e de lecture estim\u00e9e\" \/>\n\t<meta name=\"twitter:data1\" content=\"1 minute\" \/>\n<script type=\"application\/ld+json\" class=\"yoast-schema-graph\">{\"@context\":\"https:\\\/\\\/schema.org\",\"@graph\":[{\"@type\":\"WebPage\",\"@id\":\"https:\\\/\\\/ccrv-cagnes.fr\\\/index.php\\\/nos-reussites\\\/\",\"url\":\"https:\\\/\\\/ccrv-cagnes.fr\\\/index.php\\\/nos-reussites\\\/\",\"name\":\"Nos r\u00e9ussites - Comit\u00e9 Collines Route de Vence\",\"isPartOf\":{\"@id\":\"https:\\\/\\\/ccrv-cagnes.fr\\\/#website\"},\"primaryImageOfPage\":{\"@id\":\"https:\\\/\\\/ccrv-cagnes.fr\\\/index.php\\\/nos-reussites\\\/#primaryimage\"},\"image\":{\"@id\":\"https:\\\/\\\/ccrv-cagnes.fr\\\/index.php\\\/nos-reussites\\\/#primaryimage\"},\"thumbnailUrl\":\"https:\\\/\\\/ccrv-cagnes.fr\\\/wp-content\\\/uploads\\\/2026\\\/01\\\/Bassin-Sainte-Colombe-768x1024.jpg\",\"datePublished\":\"2026-01-12T09:38:32+00:00\",\"dateModified\":\"2026-01-29T10:45:01+00:00\",\"breadcrumb\":{\"@id\":\"https:\\\/\\\/ccrv-cagnes.fr\\\/index.php\\\/nos-reussites\\\/#breadcrumb\"},\"inLanguage\":\"fr-FR\",\"potentialAction\":[{\"@type\":\"ReadAction\",\"target\":[\"https:\\\/\\\/ccrv-cagnes.fr\\\/index.php\\\/nos-reussites\\\/\"]}]},{\"@type\":\"ImageObject\",\"inLanguage\":\"fr-FR\",\"@id\":\"https:\\\/\\\/ccrv-cagnes.fr\\\/index.php\\\/nos-reussites\\\/#primaryimage\",\"url\":\"https:\\\/\\\/ccrv-cagnes.fr\\\/wp-content\\\/uploads\\\/2026\\\/01\\\/Bassin-Sainte-Colombe.jpg\",\"contentUrl\":\"https:\\\/\\\/ccrv-cagnes.fr\\\/wp-content\\\/uploads\\\/2026\\\/01\\\/Bassin-Sainte-Colombe.jpg\",\"width\":1576,\"height\":2101,\"caption\":\"Bassin Sainte-Colombe (2025)\"},{\"@type\":\"BreadcrumbList\",\"@id\":\"https:\\\/\\\/ccrv-cagnes.fr\\\/index.php\\\/nos-reussites\\\/#breadcrumb\",\"itemListElement\":[{\"@type\":\"ListItem\",\"position\":1,\"name\":\"Accueil\",\"item\":\"https:\\\/\\\/ccrv-cagnes.fr\\\/\"},{\"@type\":\"ListItem\",\"position\":2,\"name\":\"Nos r\u00e9ussites\"}]},{\"@type\":\"WebSite\",\"@id\":\"https:\\\/\\\/ccrv-cagnes.fr\\\/#website\",\"url\":\"https:\\\/\\\/ccrv-cagnes.fr\\\/\",\"name\":\"Comit\u00e9 Collines Route de Vence\",\"description\":\"Am\u00e9liorons la qualit\u00e9  de vie de nos quartiers !\",\"publisher\":{\"@id\":\"https:\\\/\\\/ccrv-cagnes.fr\\\/#organization\"},\"potentialAction\":[{\"@type\":\"SearchAction\",\"target\":{\"@type\":\"EntryPoint\",\"urlTemplate\":\"https:\\\/\\\/ccrv-cagnes.fr\\\/?s={search_term_string}\"},\"query-input\":{\"@type\":\"PropertyValueSpecification\",\"valueRequired\":true,\"valueName\":\"search_term_string\"}}],\"inLanguage\":\"fr-FR\"},{\"@type\":\"Organization\",\"@id\":\"https:\\\/\\\/ccrv-cagnes.fr\\\/#organization\",\"name\":\"Comit\u00e9 Collines Route de Vence\",\"url\":\"https:\\\/\\\/ccrv-cagnes.fr\\\/\",\"logo\":{\"@type\":\"ImageObject\",\"inLanguage\":\"fr-FR\",\"@id\":\"https:\\\/\\\/ccrv-cagnes.fr\\\/#\\\/schema\\\/logo\\\/image\\\/\",\"url\":\"https:\\\/\\\/ccrv-cagnes.fr\\\/wp-content\\\/uploads\\\/2025\\\/03\\\/cropped-cropped-CRDV-Logo-couleur.jpg\",\"contentUrl\":\"https:\\\/\\\/ccrv-cagnes.fr\\\/wp-content\\\/uploads\\\/2025\\\/03\\\/cropped-cropped-CRDV-Logo-couleur.jpg\",\"width\":609,\"height\":693,\"caption\":\"Comit\u00e9 Collines Route de Vence\"},\"image\":{\"@id\":\"https:\\\/\\\/ccrv-cagnes.fr\\\/#\\\/schema\\\/logo\\\/image\\\/\"}}]}<\/script>\n<!-- \/ Yoast SEO plugin. -->","yoast_head_json":{"title":"Nos r\u00e9ussites - Comit\u00e9 Collines Route de Vence","robots":{"index":"index","follow":"follow","max-snippet":"max-snippet:-1","max-image-preview":"max-image-preview:large","max-video-preview":"max-video-preview:-1"},"canonical":"https:\/\/ccrv-cagnes.fr\/index.php\/nos-reussites\/","og_locale":"fr_FR","og_type":"article","og_title":"Nos r\u00e9ussites - Comit\u00e9 Collines Route de Vence","og_description":"->Suivi du projet&lt;-","og_url":"https:\/\/ccrv-cagnes.fr\/index.php\/nos-reussites\/","og_site_name":"Comit\u00e9 Collines Route de Vence","article_modified_time":"2026-01-29T10:45:01+00:00","og_image":[{"width":1576,"height":2101,"url":"https:\/\/ccrv-cagnes.fr\/wp-content\/uploads\/2026\/01\/Bassin-Sainte-Colombe.jpg","type":"image\/jpeg"}],"twitter_card":"summary_large_image","twitter_misc":{"Dur\u00e9e de lecture estim\u00e9e":"1 minute"},"schema":{"@context":"https:\/\/schema.org","@graph":[{"@type":"WebPage","@id":"https:\/\/ccrv-cagnes.fr\/index.php\/nos-reussites\/","url":"https:\/\/ccrv-cagnes.fr\/index.php\/nos-reussites\/","name":"Nos r\u00e9ussites - Comit\u00e9 Collines Route de Vence","isPartOf":{"@id":"https:\/\/ccrv-cagnes.fr\/#website"},"primaryImageOfPage":{"@id":"https:\/\/ccrv-cagnes.fr\/index.php\/nos-reussites\/#primaryimage"},"image":{"@id":"https:\/\/ccrv-cagnes.fr\/index.php\/nos-reussites\/#primaryimage"},"thumbnailUrl":"https:\/\/ccrv-cagnes.fr\/wp-content\/uploads\/2026\/01\/Bassin-Sainte-Colombe-768x1024.jpg","datePublished":"2026-01-12T09:38:32+00:00","dateModified":"2026-01-29T10:45:01+00:00","breadcrumb":{"@id":"https:\/\/ccrv-cagnes.fr\/index.php\/nos-reussites\/#breadcrumb"},"inLanguage":"fr-FR","potentialAction":[{"@type":"ReadAction","target":["https:\/\/ccrv-cagnes.fr\/index.php\/nos-reussites\/"]}]},{"@type":"ImageObject","inLanguage":"fr-FR","@id":"https:\/\/ccrv-cagnes.fr\/index.php\/nos-reussites\/#primaryimage","url":"https:\/\/ccrv-cagnes.fr\/wp-content\/uploads\/2026\/01\/Bassin-Sainte-Colombe.jpg","contentUrl":"https:\/\/ccrv-cagnes.fr\/wp-content\/uploads\/2026\/01\/Bassin-Sainte-Colombe.jpg","width":1576,"height":2101,"caption":"Bassin Sainte-Colombe (2025)"},{"@type":"BreadcrumbList","@id":"https:\/\/ccrv-cagnes.fr\/index.php\/nos-reussites\/#breadcrumb","itemListElement":[{"@type":"ListItem","position":1,"name":"Accueil","item":"https:\/\/ccrv-cagnes.fr\/"},{"@type":"ListItem","position":2,"name":"Nos r\u00e9ussites"}]},{"@type":"WebSite","@id":"https:\/\/ccrv-cagnes.fr\/#website","url":"https:\/\/ccrv-cagnes.fr\/","name":"Comit\u00e9 Collines Route de Vence","description":"Am\u00e9liorons la qualit\u00e9  de vie de nos quartiers !","publisher":{"@id":"https:\/\/ccrv-cagnes.fr\/#organization"},"potentialAction":[{"@type":"SearchAction","target":{"@type":"EntryPoint","urlTemplate":"https:\/\/ccrv-cagnes.fr\/?s={search_term_string}"},"query-input":{"@type":"PropertyValueSpecification","valueRequired":true,"valueName":"search_term_string"}}],"inLanguage":"fr-FR"},{"@type":"Organization","@id":"https:\/\/ccrv-cagnes.fr\/#organization","name":"Comit\u00e9 Collines Route de Vence","url":"https:\/\/ccrv-cagnes.fr\/","logo":{"@type":"ImageObject","inLanguage":"fr-FR","@id":"https:\/\/ccrv-cagnes.fr\/#\/schema\/logo\/image\/","url":"https:\/\/ccrv-cagnes.fr\/wp-content\/uploads\/2025\/03\/cropped-cropped-CRDV-Logo-couleur.jpg","contentUrl":"https:\/\/ccrv-cagnes.fr\/wp-content\/uploads\/2025\/03\/cropped-cropped-CRDV-Logo-couleur.jpg","width":609,"height":693,"caption":"Comit\u00e9 Collines Route de Vence"},"image":{"@id":"https:\/\/ccrv-cagnes.fr\/#\/schema\/logo\/image\/"}}]}},"_links":{"self":[{"href":"https:\/\/ccrv-cagnes.fr\/index.php\/wp-json\/wp\/v2\/pages\/797","targetHints":{"allow":["GET"]}}],"collection":[{"href":"https:\/\/ccrv-cagnes.fr\/index.php\/wp-json\/wp\/v2\/pages"}],"about":[{"href":"https:\/\/ccrv-cagnes.fr\/index.php\/wp-json\/wp\/v2\/types\/page"}],"author":[{"embeddable":true,"href":"https:\/\/ccrv-cagnes.fr\/index.php\/wp-json\/wp\/v2\/users\/1"}],"replies":[{"embeddable":true,"href":"https:\/\/ccrv-cagnes.fr\/index.php\/wp-json\/wp\/v2\/comments?post=797"}],"version-history":[{"count":30,"href":"https:\/\/ccrv-cagnes.fr\/index.php\/wp-json\/wp\/v2\/pages\/797\/revisions"}],"predecessor-version":[{"id":1046,"href":"https:\/\/ccrv-cagnes.fr\/index.php\/wp-json\/wp\/v2\/pages\/797\/revisions\/1046"}],"wp:attachment":[{"href":"https:\/\/ccrv-cagnes.fr\/index.php\/wp-json\/wp\/v2\/media?parent=797"}],"curies":[{"name":"wp","href":"https:\/\/api.w.org\/{rel}","templated":true}]}}