{"id":613,"date":"2025-09-30T10:38:21","date_gmt":"2025-09-30T08:38:21","guid":{"rendered":"https:\/\/ccrv-cagnes.fr\/?page_id=613"},"modified":"2025-09-30T16:30:09","modified_gmt":"2025-09-30T14:30:09","slug":"stationnement","status":"publish","type":"page","link":"https:\/\/ccrv-cagnes.fr\/index.php\/stationnement\/","title":{"rendered":"Stationnement"},"content":{"rendered":"<div class=\"wp-block-image is-style-rounded\">\n<figure class=\"aligncenter size-full is-resized\"><img loading=\"lazy\" decoding=\"async\" width=\"640\" height=\"488\" src=\"https:\/\/ccrv-cagnes.fr\/wp-content\/uploads\/2025\/09\/2020929-Observatoire-du-stationnement-bureau.jpg\" alt=\"\" class=\"wp-image-659\" style=\"width:233px;height:auto\" srcset=\"https:\/\/ccrv-cagnes.fr\/wp-content\/uploads\/2025\/09\/2020929-Observatoire-du-stationnement-bureau.jpg 640w, https:\/\/ccrv-cagnes.fr\/wp-content\/uploads\/2025\/09\/2020929-Observatoire-du-stationnement-bureau-300x229.jpg 300w\" sizes=\"auto, (max-width: 640px) 100vw, 640px\" \/><figcaption class=\"wp-element-caption\">24\u00e8me observatoire du stationnement<\/figcaption><\/figure>\n<\/div>\n\n\n<p style=\"line-height:0.5\"><a href=\"https:\/\/ccrv-cagnes.fr\/wp-content\/uploads\/2025\/09\/202509-Stationnement-infos-et-tarifs.pdf\">202509-<\/a><a href=\"https:\/\/ccrv-cagnes.fr\/wp-content\/uploads\/2025\/09\/202509-Stationnement-infos-et-tarifs.pdf\" target=\"_blank\" rel=\"noreferrer noopener\">Stationnement Infos &amp; Tarifs<\/a><\/p>\n\n\n\n<p style=\"line-height:0.5\"><a href=\"https:\/\/ccrv-cagnes.fr\/wp-content\/uploads\/2025\/09\/202509-Stationnez-malin_Horodateur-virtuel.pdf\" target=\"_blank\" rel=\"noreferrer noopener\">202509-Stationnez malin<\/a><\/p>\n\n\n\n<p><\/p>\n\n\n\n<p><\/p>\n","protected":false},"excerpt":{"rendered":"<p>202509-Stationnement Infos &amp; Tarifs 202509-Stationnez malin<\/p>\n","protected":false},"author":1,"featured_media":0,"parent":0,"menu_order":0,"comment_status":"closed","ping_status":"closed","template":"","meta":{"footnotes":""},"class_list":["post-613","page","type-page","status-publish","hentry","entry"],"yoast_head":"<!-- This site is optimized with the Yoast SEO plugin v27.3 - https:\/\/yoast.com\/product\/yoast-seo-wordpress\/ -->\n<title>Stationnement - Comit\u00e9 Collines Route de Vence<\/title>\n<meta name=\"robots\" content=\"index, follow, max-snippet:-1, max-image-preview:large, max-video-preview:-1\" \/>\n<link rel=\"canonical\" href=\"https:\/\/ccrv-cagnes.fr\/index.php\/stationnement\/\" \/>\n<meta property=\"og:locale\" content=\"fr_FR\" \/>\n<meta property=\"og:type\" content=\"article\" \/>\n<meta property=\"og:title\" content=\"Stationnement - Comit\u00e9 Collines Route de Vence\" \/>\n<meta property=\"og:description\" content=\"202509-Stationnement Infos &amp; Tarifs 202509-Stationnez malin\" \/>\n<meta property=\"og:url\" content=\"https:\/\/ccrv-cagnes.fr\/index.php\/stationnement\/\" \/>\n<meta property=\"og:site_name\" content=\"Comit\u00e9 Collines Route de Vence\" \/>\n<meta property=\"article:modified_time\" content=\"2025-09-30T14:30:09+00:00\" \/>\n<meta property=\"og:image\" content=\"https:\/\/ccrv-cagnes.fr\/wp-content\/uploads\/2025\/09\/2020929-Observatoire-du-stationnement-bureau.jpg\" \/>\n\t<meta property=\"og:image:width\" content=\"640\" \/>\n\t<meta property=\"og:image:height\" content=\"488\" \/>\n\t<meta property=\"og:image:type\" content=\"image\/jpeg\" \/>\n<meta name=\"twitter:card\" content=\"summary_large_image\" \/>\n<meta name=\"twitter:label1\" content=\"Dur\u00e9e de lecture estim\u00e9e\" \/>\n\t<meta name=\"twitter:data1\" content=\"1 minute\" \/>\n<script type=\"application\/ld+json\" class=\"yoast-schema-graph\">{\"@context\":\"https:\\\/\\\/schema.org\",\"@graph\":[{\"@type\":\"WebPage\",\"@id\":\"https:\\\/\\\/ccrv-cagnes.fr\\\/index.php\\\/stationnement\\\/\",\"url\":\"https:\\\/\\\/ccrv-cagnes.fr\\\/index.php\\\/stationnement\\\/\",\"name\":\"Stationnement - Comit\u00e9 Collines Route de Vence\",\"isPartOf\":{\"@id\":\"https:\\\/\\\/ccrv-cagnes.fr\\\/#website\"},\"primaryImageOfPage\":{\"@id\":\"https:\\\/\\\/ccrv-cagnes.fr\\\/index.php\\\/stationnement\\\/#primaryimage\"},\"image\":{\"@id\":\"https:\\\/\\\/ccrv-cagnes.fr\\\/index.php\\\/stationnement\\\/#primaryimage\"},\"thumbnailUrl\":\"https:\\\/\\\/ccrv-cagnes.fr\\\/wp-content\\\/uploads\\\/2025\\\/09\\\/2020929-Observatoire-du-stationnement-bureau.jpg\",\"datePublished\":\"2025-09-30T08:38:21+00:00\",\"dateModified\":\"2025-09-30T14:30:09+00:00\",\"breadcrumb\":{\"@id\":\"https:\\\/\\\/ccrv-cagnes.fr\\\/index.php\\\/stationnement\\\/#breadcrumb\"},\"inLanguage\":\"fr-FR\",\"potentialAction\":[{\"@type\":\"ReadAction\",\"target\":[\"https:\\\/\\\/ccrv-cagnes.fr\\\/index.php\\\/stationnement\\\/\"]}]},{\"@type\":\"ImageObject\",\"inLanguage\":\"fr-FR\",\"@id\":\"https:\\\/\\\/ccrv-cagnes.fr\\\/index.php\\\/stationnement\\\/#primaryimage\",\"url\":\"https:\\\/\\\/ccrv-cagnes.fr\\\/wp-content\\\/uploads\\\/2025\\\/09\\\/2020929-Observatoire-du-stationnement-bureau.jpg\",\"contentUrl\":\"https:\\\/\\\/ccrv-cagnes.fr\\\/wp-content\\\/uploads\\\/2025\\\/09\\\/2020929-Observatoire-du-stationnement-bureau.jpg\",\"width\":640,\"height\":488},{\"@type\":\"BreadcrumbList\",\"@id\":\"https:\\\/\\\/ccrv-cagnes.fr\\\/index.php\\\/stationnement\\\/#breadcrumb\",\"itemListElement\":[{\"@type\":\"ListItem\",\"position\":1,\"name\":\"Accueil\",\"item\":\"https:\\\/\\\/ccrv-cagnes.fr\\\/\"},{\"@type\":\"ListItem\",\"position\":2,\"name\":\"Stationnement\"}]},{\"@type\":\"WebSite\",\"@id\":\"https:\\\/\\\/ccrv-cagnes.fr\\\/#website\",\"url\":\"https:\\\/\\\/ccrv-cagnes.fr\\\/\",\"name\":\"Comit\u00e9 Collines Route de Vence\",\"description\":\"Am\u00e9liorons la qualit\u00e9  de vie de nos quartiers !\",\"publisher\":{\"@id\":\"https:\\\/\\\/ccrv-cagnes.fr\\\/#organization\"},\"potentialAction\":[{\"@type\":\"SearchAction\",\"target\":{\"@type\":\"EntryPoint\",\"urlTemplate\":\"https:\\\/\\\/ccrv-cagnes.fr\\\/?s={search_term_string}\"},\"query-input\":{\"@type\":\"PropertyValueSpecification\",\"valueRequired\":true,\"valueName\":\"search_term_string\"}}],\"inLanguage\":\"fr-FR\"},{\"@type\":\"Organization\",\"@id\":\"https:\\\/\\\/ccrv-cagnes.fr\\\/#organization\",\"name\":\"Comit\u00e9 Collines Route de Vence\",\"url\":\"https:\\\/\\\/ccrv-cagnes.fr\\\/\",\"logo\":{\"@type\":\"ImageObject\",\"inLanguage\":\"fr-FR\",\"@id\":\"https:\\\/\\\/ccrv-cagnes.fr\\\/#\\\/schema\\\/logo\\\/image\\\/\",\"url\":\"https:\\\/\\\/ccrv-cagnes.fr\\\/wp-content\\\/uploads\\\/2025\\\/03\\\/cropped-cropped-CRDV-Logo-couleur.jpg\",\"contentUrl\":\"https:\\\/\\\/ccrv-cagnes.fr\\\/wp-content\\\/uploads\\\/2025\\\/03\\\/cropped-cropped-CRDV-Logo-couleur.jpg\",\"width\":609,\"height\":693,\"caption\":\"Comit\u00e9 Collines Route de Vence\"},\"image\":{\"@id\":\"https:\\\/\\\/ccrv-cagnes.fr\\\/#\\\/schema\\\/logo\\\/image\\\/\"}}]}<\/script>\n<!-- \/ Yoast SEO plugin. -->","yoast_head_json":{"title":"Stationnement - Comit\u00e9 Collines Route de Vence","robots":{"index":"index","follow":"follow","max-snippet":"max-snippet:-1","max-image-preview":"max-image-preview:large","max-video-preview":"max-video-preview:-1"},"canonical":"https:\/\/ccrv-cagnes.fr\/index.php\/stationnement\/","og_locale":"fr_FR","og_type":"article","og_title":"Stationnement - Comit\u00e9 Collines Route de Vence","og_description":"202509-Stationnement Infos &amp; Tarifs 202509-Stationnez malin","og_url":"https:\/\/ccrv-cagnes.fr\/index.php\/stationnement\/","og_site_name":"Comit\u00e9 Collines Route de Vence","article_modified_time":"2025-09-30T14:30:09+00:00","og_image":[{"width":640,"height":488,"url":"https:\/\/ccrv-cagnes.fr\/wp-content\/uploads\/2025\/09\/2020929-Observatoire-du-stationnement-bureau.jpg","type":"image\/jpeg"}],"twitter_card":"summary_large_image","twitter_misc":{"Dur\u00e9e de lecture estim\u00e9e":"1 minute"},"schema":{"@context":"https:\/\/schema.org","@graph":[{"@type":"WebPage","@id":"https:\/\/ccrv-cagnes.fr\/index.php\/stationnement\/","url":"https:\/\/ccrv-cagnes.fr\/index.php\/stationnement\/","name":"Stationnement - Comit\u00e9 Collines Route de Vence","isPartOf":{"@id":"https:\/\/ccrv-cagnes.fr\/#website"},"primaryImageOfPage":{"@id":"https:\/\/ccrv-cagnes.fr\/index.php\/stationnement\/#primaryimage"},"image":{"@id":"https:\/\/ccrv-cagnes.fr\/index.php\/stationnement\/#primaryimage"},"thumbnailUrl":"https:\/\/ccrv-cagnes.fr\/wp-content\/uploads\/2025\/09\/2020929-Observatoire-du-stationnement-bureau.jpg","datePublished":"2025-09-30T08:38:21+00:00","dateModified":"2025-09-30T14:30:09+00:00","breadcrumb":{"@id":"https:\/\/ccrv-cagnes.fr\/index.php\/stationnement\/#breadcrumb"},"inLanguage":"fr-FR","potentialAction":[{"@type":"ReadAction","target":["https:\/\/ccrv-cagnes.fr\/index.php\/stationnement\/"]}]},{"@type":"ImageObject","inLanguage":"fr-FR","@id":"https:\/\/ccrv-cagnes.fr\/index.php\/stationnement\/#primaryimage","url":"https:\/\/ccrv-cagnes.fr\/wp-content\/uploads\/2025\/09\/2020929-Observatoire-du-stationnement-bureau.jpg","contentUrl":"https:\/\/ccrv-cagnes.fr\/wp-content\/uploads\/2025\/09\/2020929-Observatoire-du-stationnement-bureau.jpg","width":640,"height":488},{"@type":"BreadcrumbList","@id":"https:\/\/ccrv-cagnes.fr\/index.php\/stationnement\/#breadcrumb","itemListElement":[{"@type":"ListItem","position":1,"name":"Accueil","item":"https:\/\/ccrv-cagnes.fr\/"},{"@type":"ListItem","position":2,"name":"Stationnement"}]},{"@type":"WebSite","@id":"https:\/\/ccrv-cagnes.fr\/#website","url":"https:\/\/ccrv-cagnes.fr\/","name":"Comit\u00e9 Collines Route de Vence","description":"Am\u00e9liorons la qualit\u00e9  de vie de nos quartiers !","publisher":{"@id":"https:\/\/ccrv-cagnes.fr\/#organization"},"potentialAction":[{"@type":"SearchAction","target":{"@type":"EntryPoint","urlTemplate":"https:\/\/ccrv-cagnes.fr\/?s={search_term_string}"},"query-input":{"@type":"PropertyValueSpecification","valueRequired":true,"valueName":"search_term_string"}}],"inLanguage":"fr-FR"},{"@type":"Organization","@id":"https:\/\/ccrv-cagnes.fr\/#organization","name":"Comit\u00e9 Collines Route de Vence","url":"https:\/\/ccrv-cagnes.fr\/","logo":{"@type":"ImageObject","inLanguage":"fr-FR","@id":"https:\/\/ccrv-cagnes.fr\/#\/schema\/logo\/image\/","url":"https:\/\/ccrv-cagnes.fr\/wp-content\/uploads\/2025\/03\/cropped-cropped-CRDV-Logo-couleur.jpg","contentUrl":"https:\/\/ccrv-cagnes.fr\/wp-content\/uploads\/2025\/03\/cropped-cropped-CRDV-Logo-couleur.jpg","width":609,"height":693,"caption":"Comit\u00e9 Collines Route de Vence"},"image":{"@id":"https:\/\/ccrv-cagnes.fr\/#\/schema\/logo\/image\/"}}]}},"_links":{"self":[{"href":"https:\/\/ccrv-cagnes.fr\/index.php\/wp-json\/wp\/v2\/pages\/613","targetHints":{"allow":["GET"]}}],"collection":[{"href":"https:\/\/ccrv-cagnes.fr\/index.php\/wp-json\/wp\/v2\/pages"}],"about":[{"href":"https:\/\/ccrv-cagnes.fr\/index.php\/wp-json\/wp\/v2\/types\/page"}],"author":[{"embeddable":true,"href":"https:\/\/ccrv-cagnes.fr\/index.php\/wp-json\/wp\/v2\/users\/1"}],"replies":[{"embeddable":true,"href":"https:\/\/ccrv-cagnes.fr\/index.php\/wp-json\/wp\/v2\/comments?post=613"}],"version-history":[{"count":25,"href":"https:\/\/ccrv-cagnes.fr\/index.php\/wp-json\/wp\/v2\/pages\/613\/revisions"}],"predecessor-version":[{"id":663,"href":"https:\/\/ccrv-cagnes.fr\/index.php\/wp-json\/wp\/v2\/pages\/613\/revisions\/663"}],"wp:attachment":[{"href":"https:\/\/ccrv-cagnes.fr\/index.php\/wp-json\/wp\/v2\/media?parent=613"}],"curies":[{"name":"wp","href":"https:\/\/api.w.org\/{rel}","templated":true}]}}