{"id":117,"date":"2025-03-25T15:30:14","date_gmt":"2025-03-25T14:30:14","guid":{"rendered":"https:\/\/ccrv-cagnes.fr\/?page_id=117"},"modified":"2025-04-17T11:39:28","modified_gmt":"2025-04-17T09:39:28","slug":"ags","status":"publish","type":"page","link":"https:\/\/ccrv-cagnes.fr\/index.php\/ags\/","title":{"rendered":"AGs"},"content":{"rendered":"\n<p><strong>Pr\u00e9sentations et comptes rendus des Assembl\u00e9es G\u00e9n\u00e9rales<\/strong><\/p>\n\n\n\n<figure class=\"wp-block-image size-large is-style-rounded\"><img loading=\"lazy\" decoding=\"async\" width=\"1024\" height=\"221\" src=\"https:\/\/ccrv-cagnes.fr\/wp-content\/uploads\/2025\/04\/20250331-CCRV_Photo_AG-1024x221.jpg\" alt=\"\" class=\"wp-image-406\" srcset=\"https:\/\/ccrv-cagnes.fr\/wp-content\/uploads\/2025\/04\/20250331-CCRV_Photo_AG-1024x221.jpg 1024w, https:\/\/ccrv-cagnes.fr\/wp-content\/uploads\/2025\/04\/20250331-CCRV_Photo_AG-300x65.jpg 300w, https:\/\/ccrv-cagnes.fr\/wp-content\/uploads\/2025\/04\/20250331-CCRV_Photo_AG-768x166.jpg 768w, https:\/\/ccrv-cagnes.fr\/wp-content\/uploads\/2025\/04\/20250331-CCRV_Photo_AG-1536x332.jpg 1536w, https:\/\/ccrv-cagnes.fr\/wp-content\/uploads\/2025\/04\/20250331-CCRV_Photo_AG-1568x339.jpg 1568w, https:\/\/ccrv-cagnes.fr\/wp-content\/uploads\/2025\/04\/20250331-CCRV_Photo_AG.jpg 1887w\" sizes=\"auto, (max-width: 1024px) 100vw, 1024px\" \/><\/figure>\n\n\n\n<ul class=\"wp-block-list\">\n<li style=\"padding-top:0;padding-bottom:0;line-height:0.5\"><a href=\"https:\/\/ccrv-cagnes.fr\/wp-content\/uploads\/2025\/04\/20250331-CCRV_Assemblee-Generale.pdf\" target=\"_blank\" rel=\"noreferrer noopener\">20250331-CCRV_Assembl\u00e9e G\u00e9n\u00e9rale.pdf<\/a><\/li>\n<\/ul>\n\n\n\n<ul class=\"wp-block-list\">\n<li style=\"padding-top:0;padding-right:0;padding-bottom:0;padding-left:0;line-height:0.5\"><a href=\"https:\/\/ccrv-cagnes.fr\/wp-content\/uploads\/2025\/04\/20250331-CCRV_Assemblee-Generale-CR.pdf\" target=\"_blank\" rel=\"noreferrer noopener\">20250331-CCRV_Assembl\u00e9e G\u00e9n\u00e9rale (CR).pdf<\/a><\/li>\n<\/ul>\n\n\n\n<ul class=\"wp-block-list\">\n<li style=\"padding-top:0;padding-bottom:0;line-height:0.5\"><a href=\"https:\/\/ccrv-cagnes.fr\/wp-content\/uploads\/2025\/03\/20240320-CCRV_Assemblee-Generale.pdf\">20240320-CCRV_Assembl\u00e9e G\u00e9n\u00e9rale.pdf<\/a><\/li>\n<\/ul>\n\n\n\n<ul class=\"wp-block-list\">\n<li style=\"padding-top:0;padding-right:0;padding-bottom:0;padding-left:0;line-height:0.5\"><a href=\"https:\/\/ccrv-cagnes.fr\/wp-content\/uploads\/2025\/04\/20240320-CCRV_Assemblee-Generale-CR.pdf\" target=\"_blank\" rel=\"noreferrer noopener\">20240320-CCRV_Assembl\u00e9e G\u00e9n\u00e9rale (CR).pdf<\/a><\/li>\n<\/ul>\n\n\n\n<ul style=\"line-height:2\" class=\"wp-block-list\">\n<li style=\"line-height:0.5\"><a href=\"https:\/\/ccrv-cagnes.fr\/wp-content\/uploads\/2025\/04\/20230321-CCRV_Assemblee-Generale.pdf\" target=\"_blank\" rel=\"noreferrer noopener\">20230321-CCRV_Assembl\u00e9e G\u00e9n\u00e9rale.pdf<\/a><\/li>\n<\/ul>\n\n\n\n<ul class=\"wp-block-list\">\n<li style=\"line-height:0.5\"><a href=\"https:\/\/ccrv-cagnes.fr\/wp-content\/uploads\/2025\/04\/20230321-CCRV_Assemblee-Generale-CR.pdf\" target=\"_blank\" rel=\"noreferrer noopener\">20230321-CCRV_Assembl\u00e9e G\u00e9n\u00e9rale (CR).pdf<\/a><\/li>\n<\/ul>\n","protected":false},"excerpt":{"rendered":"<p>Pr\u00e9sentations et comptes rendus des Assembl\u00e9es G\u00e9n\u00e9rales<\/p>\n","protected":false},"author":1,"featured_media":0,"parent":0,"menu_order":0,"comment_status":"closed","ping_status":"closed","template":"","meta":{"footnotes":""},"class_list":["post-117","page","type-page","status-publish","hentry","entry"],"yoast_head":"<!-- This site is optimized with the Yoast SEO plugin v27.3 - https:\/\/yoast.com\/product\/yoast-seo-wordpress\/ -->\n<title>AGs - Comit\u00e9 Collines Route de Vence<\/title>\n<meta name=\"robots\" content=\"index, follow, max-snippet:-1, max-image-preview:large, max-video-preview:-1\" \/>\n<link rel=\"canonical\" href=\"https:\/\/ccrv-cagnes.fr\/index.php\/ags\/\" \/>\n<meta property=\"og:locale\" content=\"fr_FR\" \/>\n<meta property=\"og:type\" content=\"article\" \/>\n<meta property=\"og:title\" content=\"AGs - Comit\u00e9 Collines Route de Vence\" \/>\n<meta property=\"og:description\" content=\"Pr\u00e9sentations et comptes rendus des Assembl\u00e9es G\u00e9n\u00e9rales\" \/>\n<meta property=\"og:url\" content=\"https:\/\/ccrv-cagnes.fr\/index.php\/ags\/\" \/>\n<meta property=\"og:site_name\" content=\"Comit\u00e9 Collines Route de Vence\" \/>\n<meta property=\"article:modified_time\" content=\"2025-04-17T09:39:28+00:00\" \/>\n<meta property=\"og:image\" content=\"http:\/\/ccrv-cagnes.fr\/wp-content\/uploads\/2025\/04\/20250331-CCRV_Photo_AG-1024x221.jpg\" \/>\n<meta name=\"twitter:card\" content=\"summary_large_image\" \/>\n<script type=\"application\/ld+json\" class=\"yoast-schema-graph\">{\"@context\":\"https:\\\/\\\/schema.org\",\"@graph\":[{\"@type\":\"WebPage\",\"@id\":\"https:\\\/\\\/ccrv-cagnes.fr\\\/index.php\\\/ags\\\/\",\"url\":\"https:\\\/\\\/ccrv-cagnes.fr\\\/index.php\\\/ags\\\/\",\"name\":\"AGs - Comit\u00e9 Collines Route de Vence\",\"isPartOf\":{\"@id\":\"https:\\\/\\\/ccrv-cagnes.fr\\\/#website\"},\"primaryImageOfPage\":{\"@id\":\"https:\\\/\\\/ccrv-cagnes.fr\\\/index.php\\\/ags\\\/#primaryimage\"},\"image\":{\"@id\":\"https:\\\/\\\/ccrv-cagnes.fr\\\/index.php\\\/ags\\\/#primaryimage\"},\"thumbnailUrl\":\"http:\\\/\\\/ccrv-cagnes.fr\\\/wp-content\\\/uploads\\\/2025\\\/04\\\/20250331-CCRV_Photo_AG-1024x221.jpg\",\"datePublished\":\"2025-03-25T14:30:14+00:00\",\"dateModified\":\"2025-04-17T09:39:28+00:00\",\"breadcrumb\":{\"@id\":\"https:\\\/\\\/ccrv-cagnes.fr\\\/index.php\\\/ags\\\/#breadcrumb\"},\"inLanguage\":\"fr-FR\",\"potentialAction\":[{\"@type\":\"ReadAction\",\"target\":[\"https:\\\/\\\/ccrv-cagnes.fr\\\/index.php\\\/ags\\\/\"]}]},{\"@type\":\"ImageObject\",\"inLanguage\":\"fr-FR\",\"@id\":\"https:\\\/\\\/ccrv-cagnes.fr\\\/index.php\\\/ags\\\/#primaryimage\",\"url\":\"https:\\\/\\\/ccrv-cagnes.fr\\\/wp-content\\\/uploads\\\/2025\\\/04\\\/20250331-CCRV_Photo_AG.jpg\",\"contentUrl\":\"https:\\\/\\\/ccrv-cagnes.fr\\\/wp-content\\\/uploads\\\/2025\\\/04\\\/20250331-CCRV_Photo_AG.jpg\",\"width\":1887,\"height\":408},{\"@type\":\"BreadcrumbList\",\"@id\":\"https:\\\/\\\/ccrv-cagnes.fr\\\/index.php\\\/ags\\\/#breadcrumb\",\"itemListElement\":[{\"@type\":\"ListItem\",\"position\":1,\"name\":\"Accueil\",\"item\":\"https:\\\/\\\/ccrv-cagnes.fr\\\/\"},{\"@type\":\"ListItem\",\"position\":2,\"name\":\"AGs\"}]},{\"@type\":\"WebSite\",\"@id\":\"https:\\\/\\\/ccrv-cagnes.fr\\\/#website\",\"url\":\"https:\\\/\\\/ccrv-cagnes.fr\\\/\",\"name\":\"Comit\u00e9 Collines Route de Vence\",\"description\":\"Am\u00e9liorons la qualit\u00e9  de vie de nos quartiers !\",\"publisher\":{\"@id\":\"https:\\\/\\\/ccrv-cagnes.fr\\\/#organization\"},\"potentialAction\":[{\"@type\":\"SearchAction\",\"target\":{\"@type\":\"EntryPoint\",\"urlTemplate\":\"https:\\\/\\\/ccrv-cagnes.fr\\\/?s={search_term_string}\"},\"query-input\":{\"@type\":\"PropertyValueSpecification\",\"valueRequired\":true,\"valueName\":\"search_term_string\"}}],\"inLanguage\":\"fr-FR\"},{\"@type\":\"Organization\",\"@id\":\"https:\\\/\\\/ccrv-cagnes.fr\\\/#organization\",\"name\":\"Comit\u00e9 Collines Route de Vence\",\"url\":\"https:\\\/\\\/ccrv-cagnes.fr\\\/\",\"logo\":{\"@type\":\"ImageObject\",\"inLanguage\":\"fr-FR\",\"@id\":\"https:\\\/\\\/ccrv-cagnes.fr\\\/#\\\/schema\\\/logo\\\/image\\\/\",\"url\":\"https:\\\/\\\/ccrv-cagnes.fr\\\/wp-content\\\/uploads\\\/2025\\\/03\\\/cropped-cropped-CRDV-Logo-couleur.jpg\",\"contentUrl\":\"https:\\\/\\\/ccrv-cagnes.fr\\\/wp-content\\\/uploads\\\/2025\\\/03\\\/cropped-cropped-CRDV-Logo-couleur.jpg\",\"width\":609,\"height\":693,\"caption\":\"Comit\u00e9 Collines Route de Vence\"},\"image\":{\"@id\":\"https:\\\/\\\/ccrv-cagnes.fr\\\/#\\\/schema\\\/logo\\\/image\\\/\"}}]}<\/script>\n<!-- \/ Yoast SEO plugin. -->","yoast_head_json":{"title":"AGs - Comit\u00e9 Collines Route de Vence","robots":{"index":"index","follow":"follow","max-snippet":"max-snippet:-1","max-image-preview":"max-image-preview:large","max-video-preview":"max-video-preview:-1"},"canonical":"https:\/\/ccrv-cagnes.fr\/index.php\/ags\/","og_locale":"fr_FR","og_type":"article","og_title":"AGs - Comit\u00e9 Collines Route de Vence","og_description":"Pr\u00e9sentations et comptes rendus des Assembl\u00e9es G\u00e9n\u00e9rales","og_url":"https:\/\/ccrv-cagnes.fr\/index.php\/ags\/","og_site_name":"Comit\u00e9 Collines Route de Vence","article_modified_time":"2025-04-17T09:39:28+00:00","og_image":[{"url":"http:\/\/ccrv-cagnes.fr\/wp-content\/uploads\/2025\/04\/20250331-CCRV_Photo_AG-1024x221.jpg","type":"","width":"","height":""}],"twitter_card":"summary_large_image","schema":{"@context":"https:\/\/schema.org","@graph":[{"@type":"WebPage","@id":"https:\/\/ccrv-cagnes.fr\/index.php\/ags\/","url":"https:\/\/ccrv-cagnes.fr\/index.php\/ags\/","name":"AGs - Comit\u00e9 Collines Route de Vence","isPartOf":{"@id":"https:\/\/ccrv-cagnes.fr\/#website"},"primaryImageOfPage":{"@id":"https:\/\/ccrv-cagnes.fr\/index.php\/ags\/#primaryimage"},"image":{"@id":"https:\/\/ccrv-cagnes.fr\/index.php\/ags\/#primaryimage"},"thumbnailUrl":"http:\/\/ccrv-cagnes.fr\/wp-content\/uploads\/2025\/04\/20250331-CCRV_Photo_AG-1024x221.jpg","datePublished":"2025-03-25T14:30:14+00:00","dateModified":"2025-04-17T09:39:28+00:00","breadcrumb":{"@id":"https:\/\/ccrv-cagnes.fr\/index.php\/ags\/#breadcrumb"},"inLanguage":"fr-FR","potentialAction":[{"@type":"ReadAction","target":["https:\/\/ccrv-cagnes.fr\/index.php\/ags\/"]}]},{"@type":"ImageObject","inLanguage":"fr-FR","@id":"https:\/\/ccrv-cagnes.fr\/index.php\/ags\/#primaryimage","url":"https:\/\/ccrv-cagnes.fr\/wp-content\/uploads\/2025\/04\/20250331-CCRV_Photo_AG.jpg","contentUrl":"https:\/\/ccrv-cagnes.fr\/wp-content\/uploads\/2025\/04\/20250331-CCRV_Photo_AG.jpg","width":1887,"height":408},{"@type":"BreadcrumbList","@id":"https:\/\/ccrv-cagnes.fr\/index.php\/ags\/#breadcrumb","itemListElement":[{"@type":"ListItem","position":1,"name":"Accueil","item":"https:\/\/ccrv-cagnes.fr\/"},{"@type":"ListItem","position":2,"name":"AGs"}]},{"@type":"WebSite","@id":"https:\/\/ccrv-cagnes.fr\/#website","url":"https:\/\/ccrv-cagnes.fr\/","name":"Comit\u00e9 Collines Route de Vence","description":"Am\u00e9liorons la qualit\u00e9  de vie de nos quartiers !","publisher":{"@id":"https:\/\/ccrv-cagnes.fr\/#organization"},"potentialAction":[{"@type":"SearchAction","target":{"@type":"EntryPoint","urlTemplate":"https:\/\/ccrv-cagnes.fr\/?s={search_term_string}"},"query-input":{"@type":"PropertyValueSpecification","valueRequired":true,"valueName":"search_term_string"}}],"inLanguage":"fr-FR"},{"@type":"Organization","@id":"https:\/\/ccrv-cagnes.fr\/#organization","name":"Comit\u00e9 Collines Route de Vence","url":"https:\/\/ccrv-cagnes.fr\/","logo":{"@type":"ImageObject","inLanguage":"fr-FR","@id":"https:\/\/ccrv-cagnes.fr\/#\/schema\/logo\/image\/","url":"https:\/\/ccrv-cagnes.fr\/wp-content\/uploads\/2025\/03\/cropped-cropped-CRDV-Logo-couleur.jpg","contentUrl":"https:\/\/ccrv-cagnes.fr\/wp-content\/uploads\/2025\/03\/cropped-cropped-CRDV-Logo-couleur.jpg","width":609,"height":693,"caption":"Comit\u00e9 Collines Route de Vence"},"image":{"@id":"https:\/\/ccrv-cagnes.fr\/#\/schema\/logo\/image\/"}}]}},"_links":{"self":[{"href":"https:\/\/ccrv-cagnes.fr\/index.php\/wp-json\/wp\/v2\/pages\/117","targetHints":{"allow":["GET"]}}],"collection":[{"href":"https:\/\/ccrv-cagnes.fr\/index.php\/wp-json\/wp\/v2\/pages"}],"about":[{"href":"https:\/\/ccrv-cagnes.fr\/index.php\/wp-json\/wp\/v2\/types\/page"}],"author":[{"embeddable":true,"href":"https:\/\/ccrv-cagnes.fr\/index.php\/wp-json\/wp\/v2\/users\/1"}],"replies":[{"embeddable":true,"href":"https:\/\/ccrv-cagnes.fr\/index.php\/wp-json\/wp\/v2\/comments?post=117"}],"version-history":[{"count":82,"href":"https:\/\/ccrv-cagnes.fr\/index.php\/wp-json\/wp\/v2\/pages\/117\/revisions"}],"predecessor-version":[{"id":574,"href":"https:\/\/ccrv-cagnes.fr\/index.php\/wp-json\/wp\/v2\/pages\/117\/revisions\/574"}],"wp:attachment":[{"href":"https:\/\/ccrv-cagnes.fr\/index.php\/wp-json\/wp\/v2\/media?parent=117"}],"curies":[{"name":"wp","href":"https:\/\/api.w.org\/{rel}","templated":true}]}}