{"id":115,"date":"2025-03-25T15:30:14","date_gmt":"2025-03-25T14:30:14","guid":{"rendered":"https:\/\/ccrv-cagnes.fr\/?page_id=115"},"modified":"2026-01-28T11:51:31","modified_gmt":"2026-01-28T10:51:31","slug":"evenements-locaux","status":"publish","type":"page","link":"https:\/\/ccrv-cagnes.fr\/index.php\/evenements-locaux\/","title":{"rendered":"Ev\u00e9nements"},"content":{"rendered":"\n<p class=\"has-text-align-center\" style=\"font-size:40px;line-height:0.9\"><strong><mark>Galette 2026<\/mark><\/strong><\/p>\n\n\n\n<p style=\"line-height:1.2\">Pour f\u00eater la nouvelle ann\u00e9e, notre comit\u00e9 de quartiers CCRV a organis\u00e9 sa galette des rois le 15 Janvier \u00e0 <a href=\"https:\/\/ccrv-cagnes.fr\/wp-content\/uploads\/2026\/01\/EspaceCentreCagnes.jpg\" target=\"_blank\" rel=\"noreferrer noopener\">l\u2019Espace Centre<\/a> de Cagnes sur Mer. L\u2019invitation a \u00e9t\u00e9 largement distribu\u00e9e par email et flyers. &nbsp;<\/p>\n\n\n\n<p style=\"line-height:1.2\">Nous avons eu le plaisir d&rsquo;accueillir 45 personnes, soit plus qu\u2019en 2025, parmi lesquels plus d\u2019adh\u00e9rents et une large satisfaction des pr\u00e9sents pour l&rsquo;opportunit\u00e9 des rencontres et discussions faites \u00e0 cette occasion. Deux \u00e9lus de la mairie sont venus en rappelant leur devoir de r\u00e9serve durant la p\u00e9riode pr\u00e9-\u00e9lectorale sans pouvoir rester. La pr\u00e9sentation de notre nouveau site internet\u00a0<a href=\"http:\/\/www.ccrv-cagnes.fr\/\" target=\"_blank\" rel=\"noreferrer noopener\">www.ccrv-cagnes.fr<\/a>\u00a0a \u00e9t\u00e9 r\u00e9alis\u00e9e en projection sur grand \u00e9cran.<\/p>\n\n\n\n<p style=\"line-height:1.2\">L\u2019organisation a permis ensuite avec boissons et galettes, de faire se rencontrer, r\u00e9partis sur 4 tables par grande zone de quartiers, des habitants proches ne se connaissant parfois pas, mais souvent avec des pr\u00e9occupations communes. Chaque table comportait un ou deux mod\u00e9rateurs du Conseil d\u2019Administration du CCRV, recueillant ainsi les sujets discut\u00e9s collectivement \u00e0 chaque table et list\u00e9s dans le Compte Rendu accessible ci-dessous.<\/p>\n\n\n\n<p class=\"has-text-align-center\" style=\"font-size:30px;line-height:1\">&gt;&gt;<a href=\"https:\/\/ccrv-cagnes.fr\/wp-content\/uploads\/2026\/01\/20260115-CR_Galette.pdf\" target=\"_blank\" rel=\"noreferrer noopener\">Compte-rendu galette 2026<\/a>&lt;&lt;<\/p>\n\n\n<div class=\"wp-block-image\">\n<figure data-wp-context=\"{&quot;imageId&quot;:&quot;69de214563d0c&quot;}\" data-wp-interactive=\"core\/image\" data-wp-key=\"69de214563d0c\" class=\"aligncenter size-large wp-lightbox-container\"><img loading=\"lazy\" decoding=\"async\" width=\"1024\" height=\"305\" data-wp-class--hide=\"state.isContentHidden\" data-wp-class--show=\"state.isContentVisible\" data-wp-init=\"callbacks.setButtonStyles\" data-wp-on--click=\"actions.showLightbox\" data-wp-on--load=\"callbacks.setButtonStyles\" data-wp-on-window--resize=\"callbacks.setButtonStyles\" src=\"https:\/\/ccrv-cagnes.fr\/wp-content\/uploads\/2026\/01\/20260115-Galette_large-1024x305.jpg\" alt=\"\" class=\"wp-image-920\" srcset=\"https:\/\/ccrv-cagnes.fr\/wp-content\/uploads\/2026\/01\/20260115-Galette_large-1024x305.jpg 1024w, https:\/\/ccrv-cagnes.fr\/wp-content\/uploads\/2026\/01\/20260115-Galette_large-300x89.jpg 300w, https:\/\/ccrv-cagnes.fr\/wp-content\/uploads\/2026\/01\/20260115-Galette_large-768x229.jpg 768w, https:\/\/ccrv-cagnes.fr\/wp-content\/uploads\/2026\/01\/20260115-Galette_large-1536x458.jpg 1536w, https:\/\/ccrv-cagnes.fr\/wp-content\/uploads\/2026\/01\/20260115-Galette_large-2048x610.jpg 2048w, https:\/\/ccrv-cagnes.fr\/wp-content\/uploads\/2026\/01\/20260115-Galette_large-1568x467.jpg 1568w\" sizes=\"auto, (max-width: 1024px) 100vw, 1024px\" \/><button\n\t\t\tclass=\"lightbox-trigger\"\n\t\t\ttype=\"button\"\n\t\t\taria-haspopup=\"dialog\"\n\t\t\taria-label=\"Agrandir\"\n\t\t\tdata-wp-init=\"callbacks.initTriggerButton\"\n\t\t\tdata-wp-on--click=\"actions.showLightbox\"\n\t\t\tdata-wp-style--right=\"state.imageButtonRight\"\n\t\t\tdata-wp-style--top=\"state.imageButtonTop\"\n\t\t>\n\t\t\t<svg xmlns=\"http:\/\/www.w3.org\/2000\/svg\" width=\"12\" height=\"12\" fill=\"none\" viewBox=\"0 0 12 12\">\n\t\t\t\t<path fill=\"#fff\" d=\"M2 0a2 2 0 0 0-2 2v2h1.5V2a.5.5 0 0 1 .5-.5h2V0H2Zm2 10.5H2a.5.5 0 0 1-.5-.5V8H0v2a2 2 0 0 0 2 2h2v-1.5ZM8 12v-1.5h2a.5.5 0 0 0 .5-.5V8H12v2a2 2 0 0 1-2 2H8Zm2-12a2 2 0 0 1 2 2v2h-1.5V2a.5.5 0 0 0-.5-.5H8V0h2Z\" \/>\n\t\t\t<\/svg>\n\t\t<\/button><\/figure>\n<\/div>\n\n\n<figure class=\"wp-block-gallery has-nested-images columns-default is-cropped wp-block-gallery-1 is-layout-flex wp-block-gallery-is-layout-flex\">\n<figure class=\"wp-block-image size-large\"><img loading=\"lazy\" decoding=\"async\" width=\"1024\" height=\"586\" data-id=\"921\" src=\"https:\/\/ccrv-cagnes.fr\/wp-content\/uploads\/2026\/01\/20260115-Table01-1024x586.jpg\" alt=\"\" class=\"wp-image-921\" srcset=\"https:\/\/ccrv-cagnes.fr\/wp-content\/uploads\/2026\/01\/20260115-Table01-1024x586.jpg 1024w, https:\/\/ccrv-cagnes.fr\/wp-content\/uploads\/2026\/01\/20260115-Table01-300x172.jpg 300w, https:\/\/ccrv-cagnes.fr\/wp-content\/uploads\/2026\/01\/20260115-Table01-768x440.jpg 768w, https:\/\/ccrv-cagnes.fr\/wp-content\/uploads\/2026\/01\/20260115-Table01-1536x880.jpg 1536w, https:\/\/ccrv-cagnes.fr\/wp-content\/uploads\/2026\/01\/20260115-Table01-1568x898.jpg 1568w, https:\/\/ccrv-cagnes.fr\/wp-content\/uploads\/2026\/01\/20260115-Table01.jpg 1624w\" sizes=\"auto, (max-width: 1024px) 100vw, 1024px\" \/><\/figure>\n\n\n\n<figure class=\"wp-block-image size-large\"><img loading=\"lazy\" decoding=\"async\" width=\"1024\" height=\"538\" data-id=\"923\" src=\"https:\/\/ccrv-cagnes.fr\/wp-content\/uploads\/2026\/01\/20260115-Table02-1024x538.jpg\" alt=\"\" class=\"wp-image-923\" srcset=\"https:\/\/ccrv-cagnes.fr\/wp-content\/uploads\/2026\/01\/20260115-Table02-1024x538.jpg 1024w, https:\/\/ccrv-cagnes.fr\/wp-content\/uploads\/2026\/01\/20260115-Table02-300x158.jpg 300w, https:\/\/ccrv-cagnes.fr\/wp-content\/uploads\/2026\/01\/20260115-Table02-768x404.jpg 768w, https:\/\/ccrv-cagnes.fr\/wp-content\/uploads\/2026\/01\/20260115-Table02-1536x807.jpg 1536w, https:\/\/ccrv-cagnes.fr\/wp-content\/uploads\/2026\/01\/20260115-Table02.jpg 1560w\" sizes=\"auto, (max-width: 1024px) 100vw, 1024px\" \/><\/figure>\n<\/figure>\n\n\n\n<p class=\"has-text-align-center\">oooOOOooo<\/p>\n\n\n\n<p class=\"has-text-align-center\" style=\"font-size:30px\"><strong><mark style=\"background-color:#D1DFE4\" class=\"has-inline-color\">Bilan galette 2025<\/mark><\/strong><\/p>\n\n\n\n<p style=\"line-height:1.4\">L\u2019accueil des participants a permis de premiers \u00e9changes, puis des galettes et boissons ont \u00e9t\u00e9 d\u00e9pos\u00e9es sur 5 tables, organis\u00e9es par quartiers et grands sujets selon les th\u00e8mes \u00e9voqu\u00e9s dans les diff\u00e9rentes r\u00e9unions.<\/p>\n\n\n\n<p style=\"line-height:1.4\">Chaque table avait un membre du Conseil d\u2019Administration pour animer les d\u00e9bats sur ce qui a \u00e9t\u00e9 fait, en cours de demande ou pour recueillir un probl\u00e8me local \u00e0 \u00e9tudier, mais aussi pour \u00eatre \u00e0 l\u2019\u00e9coute et prendre en compte d\u2019\u00e9ventuels souhaits d\u2019int\u00e9r\u00eat g\u00e9n\u00e9ral pour am\u00e9liorer la qualit\u00e9 de vie de notre environnement dans nos quartiers.<\/p>\n\n\n\n<p style=\"line-height:1.4\">Les personnes ont pu appr\u00e9cier la pr\u00e9sence des \u00e9lus passant de table en table, pouvant ainsi r\u00e9pondre directement \u00e0 leurs interrogations. Ces derniers ont \u00e9galement juger favorablement l\u2019opportunit\u00e9 des \u00e9changes directs et conviviaux en petits groupes.<\/p>\n\n\n\n<figure class=\"wp-block-image size-large\"><img loading=\"lazy\" decoding=\"async\" width=\"1024\" height=\"576\" src=\"https:\/\/ccrv-cagnes.fr\/wp-content\/uploads\/2025\/11\/20250111-Galette_Vue-densemble-1024x576.jpeg\" alt=\"\" class=\"wp-image-696\" srcset=\"https:\/\/ccrv-cagnes.fr\/wp-content\/uploads\/2025\/11\/20250111-Galette_Vue-densemble-1024x576.jpeg 1024w, https:\/\/ccrv-cagnes.fr\/wp-content\/uploads\/2025\/11\/20250111-Galette_Vue-densemble-300x169.jpeg 300w, https:\/\/ccrv-cagnes.fr\/wp-content\/uploads\/2025\/11\/20250111-Galette_Vue-densemble-768x432.jpeg 768w, https:\/\/ccrv-cagnes.fr\/wp-content\/uploads\/2025\/11\/20250111-Galette_Vue-densemble-1536x864.jpeg 1536w, https:\/\/ccrv-cagnes.fr\/wp-content\/uploads\/2025\/11\/20250111-Galette_Vue-densemble-2048x1152.jpeg 2048w, https:\/\/ccrv-cagnes.fr\/wp-content\/uploads\/2025\/11\/20250111-Galette_Vue-densemble-1568x882.jpeg 1568w\" sizes=\"auto, (max-width: 1024px) 100vw, 1024px\" \/><\/figure>\n\n\n\n<figure class=\"wp-block-gallery has-nested-images columns-default is-cropped wp-block-gallery-2 is-layout-flex wp-block-gallery-is-layout-flex\">\n<figure class=\"wp-block-image size-large\"><img loading=\"lazy\" decoding=\"async\" width=\"576\" height=\"1024\" data-id=\"695\" src=\"https:\/\/ccrv-cagnes.fr\/wp-content\/uploads\/2025\/11\/20250111-Galette_Sainte-Colombe-576x1024.jpeg\" alt=\"\" class=\"wp-image-695\" srcset=\"https:\/\/ccrv-cagnes.fr\/wp-content\/uploads\/2025\/11\/20250111-Galette_Sainte-Colombe-576x1024.jpeg 576w, https:\/\/ccrv-cagnes.fr\/wp-content\/uploads\/2025\/11\/20250111-Galette_Sainte-Colombe-169x300.jpeg 169w, https:\/\/ccrv-cagnes.fr\/wp-content\/uploads\/2025\/11\/20250111-Galette_Sainte-Colombe-768x1365.jpeg 768w, https:\/\/ccrv-cagnes.fr\/wp-content\/uploads\/2025\/11\/20250111-Galette_Sainte-Colombe-864x1536.jpeg 864w, https:\/\/ccrv-cagnes.fr\/wp-content\/uploads\/2025\/11\/20250111-Galette_Sainte-Colombe-1152x2048.jpeg 1152w, https:\/\/ccrv-cagnes.fr\/wp-content\/uploads\/2025\/11\/20250111-Galette_Sainte-Colombe-1568x2788.jpeg 1568w, https:\/\/ccrv-cagnes.fr\/wp-content\/uploads\/2025\/11\/20250111-Galette_Sainte-Colombe-scaled.jpeg 1440w\" sizes=\"auto, (max-width: 576px) 100vw, 576px\" \/><\/figure>\n\n\n\n<figure class=\"wp-block-image size-large\"><img loading=\"lazy\" decoding=\"async\" width=\"576\" height=\"1024\" data-id=\"694\" src=\"https:\/\/ccrv-cagnes.fr\/wp-content\/uploads\/2025\/11\/20250111-Galette_Caucours-576x1024.jpeg\" alt=\"\" class=\"wp-image-694\" srcset=\"https:\/\/ccrv-cagnes.fr\/wp-content\/uploads\/2025\/11\/20250111-Galette_Caucours-576x1024.jpeg 576w, https:\/\/ccrv-cagnes.fr\/wp-content\/uploads\/2025\/11\/20250111-Galette_Caucours-169x300.jpeg 169w, https:\/\/ccrv-cagnes.fr\/wp-content\/uploads\/2025\/11\/20250111-Galette_Caucours-768x1365.jpeg 768w, https:\/\/ccrv-cagnes.fr\/wp-content\/uploads\/2025\/11\/20250111-Galette_Caucours-864x1536.jpeg 864w, https:\/\/ccrv-cagnes.fr\/wp-content\/uploads\/2025\/11\/20250111-Galette_Caucours-1152x2048.jpeg 1152w, https:\/\/ccrv-cagnes.fr\/wp-content\/uploads\/2025\/11\/20250111-Galette_Caucours-1568x2788.jpeg 1568w, https:\/\/ccrv-cagnes.fr\/wp-content\/uploads\/2025\/11\/20250111-Galette_Caucours-scaled.jpeg 1440w\" sizes=\"auto, (max-width: 576px) 100vw, 576px\" \/><\/figure>\n<\/figure>\n\n\n\n<p class=\"has-text-align-center\" style=\"font-size:30px\">oooOOOooo<\/p>\n\n\n\n<p class=\"has-text-align-center\" style=\"font-size:26px;line-height:2\"><strong><mark style=\"background-color:#D1DFE4\" class=\"has-inline-color\">CAUCOURS<\/mark><\/strong><br><a href=\"https:\/\/ccrv-cagnes.fr\/wp-content\/uploads\/2025\/05\/CR-Fete-Voisins-2025-Caucours.pdf\" target=\"_blank\" rel=\"noreferrer noopener\">Compte-rendu de la f\u00eate des voisins du 23 mai 2025<\/a><\/p>\n\n\n\n<p><\/p>\n","protected":false},"excerpt":{"rendered":"<p>Galette 2026 Pour f\u00eater la nouvelle ann\u00e9e, notre comit\u00e9 de quartiers CCRV a organis\u00e9 sa galette des rois le 15 Janvier \u00e0 l\u2019Espace Centre de Cagnes sur Mer. L\u2019invitation a&hellip; <a class=\"more-link\" href=\"https:\/\/ccrv-cagnes.fr\/index.php\/evenements-locaux\/\">Poursuivre la lecture <span class=\"screen-reader-text\">Ev\u00e9nements<\/span><\/a><\/p>\n","protected":false},"author":1,"featured_media":0,"parent":0,"menu_order":0,"comment_status":"closed","ping_status":"closed","template":"","meta":{"footnotes":""},"class_list":["post-115","page","type-page","status-publish","hentry","entry"],"yoast_head":"<!-- This site is optimized with the Yoast SEO plugin v27.3 - https:\/\/yoast.com\/product\/yoast-seo-wordpress\/ -->\n<title>Ev\u00e9nements - Comit\u00e9 Collines Route de Vence<\/title>\n<meta name=\"robots\" content=\"index, follow, max-snippet:-1, max-image-preview:large, max-video-preview:-1\" \/>\n<link rel=\"canonical\" href=\"https:\/\/ccrv-cagnes.fr\/index.php\/evenements-locaux\/\" \/>\n<meta property=\"og:locale\" content=\"fr_FR\" \/>\n<meta property=\"og:type\" content=\"article\" \/>\n<meta property=\"og:title\" content=\"Ev\u00e9nements - Comit\u00e9 Collines Route de Vence\" \/>\n<meta property=\"og:description\" content=\"Galette 2026 Pour f\u00eater la nouvelle ann\u00e9e, notre comit\u00e9 de quartiers CCRV a organis\u00e9 sa galette des rois le 15 Janvier \u00e0 l\u2019Espace Centre de Cagnes sur Mer. L\u2019invitation a&hellip; Poursuivre la lecture Ev\u00e9nements\" \/>\n<meta property=\"og:url\" content=\"https:\/\/ccrv-cagnes.fr\/index.php\/evenements-locaux\/\" \/>\n<meta property=\"og:site_name\" content=\"Comit\u00e9 Collines Route de Vence\" \/>\n<meta property=\"article:modified_time\" content=\"2026-01-28T10:51:31+00:00\" \/>\n<meta property=\"og:image\" content=\"https:\/\/ccrv-cagnes.fr\/wp-content\/uploads\/2026\/01\/20260115-Galette_large-scaled.jpg\" \/>\n\t<meta property=\"og:image:width\" content=\"2560\" \/>\n\t<meta property=\"og:image:height\" content=\"763\" \/>\n\t<meta property=\"og:image:type\" content=\"image\/jpeg\" \/>\n<meta name=\"twitter:card\" content=\"summary_large_image\" \/>\n<meta name=\"twitter:label1\" content=\"Dur\u00e9e de lecture estim\u00e9e\" \/>\n\t<meta name=\"twitter:data1\" content=\"3 minutes\" \/>\n<script type=\"application\/ld+json\" class=\"yoast-schema-graph\">{\"@context\":\"https:\\\/\\\/schema.org\",\"@graph\":[{\"@type\":\"WebPage\",\"@id\":\"https:\\\/\\\/ccrv-cagnes.fr\\\/index.php\\\/evenements-locaux\\\/\",\"url\":\"https:\\\/\\\/ccrv-cagnes.fr\\\/index.php\\\/evenements-locaux\\\/\",\"name\":\"Ev\u00e9nements - Comit\u00e9 Collines Route de Vence\",\"isPartOf\":{\"@id\":\"https:\\\/\\\/ccrv-cagnes.fr\\\/#website\"},\"primaryImageOfPage\":{\"@id\":\"https:\\\/\\\/ccrv-cagnes.fr\\\/index.php\\\/evenements-locaux\\\/#primaryimage\"},\"image\":{\"@id\":\"https:\\\/\\\/ccrv-cagnes.fr\\\/index.php\\\/evenements-locaux\\\/#primaryimage\"},\"thumbnailUrl\":\"https:\\\/\\\/ccrv-cagnes.fr\\\/wp-content\\\/uploads\\\/2026\\\/01\\\/20260115-Galette_large-1024x305.jpg\",\"datePublished\":\"2025-03-25T14:30:14+00:00\",\"dateModified\":\"2026-01-28T10:51:31+00:00\",\"breadcrumb\":{\"@id\":\"https:\\\/\\\/ccrv-cagnes.fr\\\/index.php\\\/evenements-locaux\\\/#breadcrumb\"},\"inLanguage\":\"fr-FR\",\"potentialAction\":[{\"@type\":\"ReadAction\",\"target\":[\"https:\\\/\\\/ccrv-cagnes.fr\\\/index.php\\\/evenements-locaux\\\/\"]}]},{\"@type\":\"ImageObject\",\"inLanguage\":\"fr-FR\",\"@id\":\"https:\\\/\\\/ccrv-cagnes.fr\\\/index.php\\\/evenements-locaux\\\/#primaryimage\",\"url\":\"https:\\\/\\\/ccrv-cagnes.fr\\\/wp-content\\\/uploads\\\/2026\\\/01\\\/20260115-Galette_large-scaled.jpg\",\"contentUrl\":\"https:\\\/\\\/ccrv-cagnes.fr\\\/wp-content\\\/uploads\\\/2026\\\/01\\\/20260115-Galette_large-scaled.jpg\",\"width\":2560,\"height\":763},{\"@type\":\"BreadcrumbList\",\"@id\":\"https:\\\/\\\/ccrv-cagnes.fr\\\/index.php\\\/evenements-locaux\\\/#breadcrumb\",\"itemListElement\":[{\"@type\":\"ListItem\",\"position\":1,\"name\":\"Accueil\",\"item\":\"https:\\\/\\\/ccrv-cagnes.fr\\\/\"},{\"@type\":\"ListItem\",\"position\":2,\"name\":\"Ev\u00e9nements\"}]},{\"@type\":\"WebSite\",\"@id\":\"https:\\\/\\\/ccrv-cagnes.fr\\\/#website\",\"url\":\"https:\\\/\\\/ccrv-cagnes.fr\\\/\",\"name\":\"Comit\u00e9 Collines Route de Vence\",\"description\":\"Am\u00e9liorons la qualit\u00e9  de vie de nos quartiers !\",\"publisher\":{\"@id\":\"https:\\\/\\\/ccrv-cagnes.fr\\\/#organization\"},\"potentialAction\":[{\"@type\":\"SearchAction\",\"target\":{\"@type\":\"EntryPoint\",\"urlTemplate\":\"https:\\\/\\\/ccrv-cagnes.fr\\\/?s={search_term_string}\"},\"query-input\":{\"@type\":\"PropertyValueSpecification\",\"valueRequired\":true,\"valueName\":\"search_term_string\"}}],\"inLanguage\":\"fr-FR\"},{\"@type\":\"Organization\",\"@id\":\"https:\\\/\\\/ccrv-cagnes.fr\\\/#organization\",\"name\":\"Comit\u00e9 Collines Route de Vence\",\"url\":\"https:\\\/\\\/ccrv-cagnes.fr\\\/\",\"logo\":{\"@type\":\"ImageObject\",\"inLanguage\":\"fr-FR\",\"@id\":\"https:\\\/\\\/ccrv-cagnes.fr\\\/#\\\/schema\\\/logo\\\/image\\\/\",\"url\":\"https:\\\/\\\/ccrv-cagnes.fr\\\/wp-content\\\/uploads\\\/2025\\\/03\\\/cropped-cropped-CRDV-Logo-couleur.jpg\",\"contentUrl\":\"https:\\\/\\\/ccrv-cagnes.fr\\\/wp-content\\\/uploads\\\/2025\\\/03\\\/cropped-cropped-CRDV-Logo-couleur.jpg\",\"width\":609,\"height\":693,\"caption\":\"Comit\u00e9 Collines Route de Vence\"},\"image\":{\"@id\":\"https:\\\/\\\/ccrv-cagnes.fr\\\/#\\\/schema\\\/logo\\\/image\\\/\"}}]}<\/script>\n<!-- \/ Yoast SEO plugin. -->","yoast_head_json":{"title":"Ev\u00e9nements - Comit\u00e9 Collines Route de Vence","robots":{"index":"index","follow":"follow","max-snippet":"max-snippet:-1","max-image-preview":"max-image-preview:large","max-video-preview":"max-video-preview:-1"},"canonical":"https:\/\/ccrv-cagnes.fr\/index.php\/evenements-locaux\/","og_locale":"fr_FR","og_type":"article","og_title":"Ev\u00e9nements - Comit\u00e9 Collines Route de Vence","og_description":"Galette 2026 Pour f\u00eater la nouvelle ann\u00e9e, notre comit\u00e9 de quartiers CCRV a organis\u00e9 sa galette des rois le 15 Janvier \u00e0 l\u2019Espace Centre de Cagnes sur Mer. L\u2019invitation a&hellip; Poursuivre la lecture Ev\u00e9nements","og_url":"https:\/\/ccrv-cagnes.fr\/index.php\/evenements-locaux\/","og_site_name":"Comit\u00e9 Collines Route de Vence","article_modified_time":"2026-01-28T10:51:31+00:00","og_image":[{"width":2560,"height":763,"url":"https:\/\/ccrv-cagnes.fr\/wp-content\/uploads\/2026\/01\/20260115-Galette_large-scaled.jpg","type":"image\/jpeg"}],"twitter_card":"summary_large_image","twitter_misc":{"Dur\u00e9e de lecture estim\u00e9e":"3 minutes"},"schema":{"@context":"https:\/\/schema.org","@graph":[{"@type":"WebPage","@id":"https:\/\/ccrv-cagnes.fr\/index.php\/evenements-locaux\/","url":"https:\/\/ccrv-cagnes.fr\/index.php\/evenements-locaux\/","name":"Ev\u00e9nements - Comit\u00e9 Collines Route de Vence","isPartOf":{"@id":"https:\/\/ccrv-cagnes.fr\/#website"},"primaryImageOfPage":{"@id":"https:\/\/ccrv-cagnes.fr\/index.php\/evenements-locaux\/#primaryimage"},"image":{"@id":"https:\/\/ccrv-cagnes.fr\/index.php\/evenements-locaux\/#primaryimage"},"thumbnailUrl":"https:\/\/ccrv-cagnes.fr\/wp-content\/uploads\/2026\/01\/20260115-Galette_large-1024x305.jpg","datePublished":"2025-03-25T14:30:14+00:00","dateModified":"2026-01-28T10:51:31+00:00","breadcrumb":{"@id":"https:\/\/ccrv-cagnes.fr\/index.php\/evenements-locaux\/#breadcrumb"},"inLanguage":"fr-FR","potentialAction":[{"@type":"ReadAction","target":["https:\/\/ccrv-cagnes.fr\/index.php\/evenements-locaux\/"]}]},{"@type":"ImageObject","inLanguage":"fr-FR","@id":"https:\/\/ccrv-cagnes.fr\/index.php\/evenements-locaux\/#primaryimage","url":"https:\/\/ccrv-cagnes.fr\/wp-content\/uploads\/2026\/01\/20260115-Galette_large-scaled.jpg","contentUrl":"https:\/\/ccrv-cagnes.fr\/wp-content\/uploads\/2026\/01\/20260115-Galette_large-scaled.jpg","width":2560,"height":763},{"@type":"BreadcrumbList","@id":"https:\/\/ccrv-cagnes.fr\/index.php\/evenements-locaux\/#breadcrumb","itemListElement":[{"@type":"ListItem","position":1,"name":"Accueil","item":"https:\/\/ccrv-cagnes.fr\/"},{"@type":"ListItem","position":2,"name":"Ev\u00e9nements"}]},{"@type":"WebSite","@id":"https:\/\/ccrv-cagnes.fr\/#website","url":"https:\/\/ccrv-cagnes.fr\/","name":"Comit\u00e9 Collines Route de Vence","description":"Am\u00e9liorons la qualit\u00e9  de vie de nos quartiers !","publisher":{"@id":"https:\/\/ccrv-cagnes.fr\/#organization"},"potentialAction":[{"@type":"SearchAction","target":{"@type":"EntryPoint","urlTemplate":"https:\/\/ccrv-cagnes.fr\/?s={search_term_string}"},"query-input":{"@type":"PropertyValueSpecification","valueRequired":true,"valueName":"search_term_string"}}],"inLanguage":"fr-FR"},{"@type":"Organization","@id":"https:\/\/ccrv-cagnes.fr\/#organization","name":"Comit\u00e9 Collines Route de Vence","url":"https:\/\/ccrv-cagnes.fr\/","logo":{"@type":"ImageObject","inLanguage":"fr-FR","@id":"https:\/\/ccrv-cagnes.fr\/#\/schema\/logo\/image\/","url":"https:\/\/ccrv-cagnes.fr\/wp-content\/uploads\/2025\/03\/cropped-cropped-CRDV-Logo-couleur.jpg","contentUrl":"https:\/\/ccrv-cagnes.fr\/wp-content\/uploads\/2025\/03\/cropped-cropped-CRDV-Logo-couleur.jpg","width":609,"height":693,"caption":"Comit\u00e9 Collines Route de Vence"},"image":{"@id":"https:\/\/ccrv-cagnes.fr\/#\/schema\/logo\/image\/"}}]}},"_links":{"self":[{"href":"https:\/\/ccrv-cagnes.fr\/index.php\/wp-json\/wp\/v2\/pages\/115","targetHints":{"allow":["GET"]}}],"collection":[{"href":"https:\/\/ccrv-cagnes.fr\/index.php\/wp-json\/wp\/v2\/pages"}],"about":[{"href":"https:\/\/ccrv-cagnes.fr\/index.php\/wp-json\/wp\/v2\/types\/page"}],"author":[{"embeddable":true,"href":"https:\/\/ccrv-cagnes.fr\/index.php\/wp-json\/wp\/v2\/users\/1"}],"replies":[{"embeddable":true,"href":"https:\/\/ccrv-cagnes.fr\/index.php\/wp-json\/wp\/v2\/comments?post=115"}],"version-history":[{"count":48,"href":"https:\/\/ccrv-cagnes.fr\/index.php\/wp-json\/wp\/v2\/pages\/115\/revisions"}],"predecessor-version":[{"id":1032,"href":"https:\/\/ccrv-cagnes.fr\/index.php\/wp-json\/wp\/v2\/pages\/115\/revisions\/1032"}],"wp:attachment":[{"href":"https:\/\/ccrv-cagnes.fr\/index.php\/wp-json\/wp\/v2\/media?parent=115"}],"curies":[{"name":"wp","href":"https:\/\/api.w.org\/{rel}","templated":true}]}}