{"id":112,"date":"2025-03-25T15:30:14","date_gmt":"2025-03-25T14:30:14","guid":{"rendered":"https:\/\/ccrv-cagnes.fr\/?page_id=112"},"modified":"2026-01-29T11:39:44","modified_gmt":"2026-01-29T10:39:44","slug":"suivi-projets","status":"publish","type":"page","link":"https:\/\/ccrv-cagnes.fr\/index.php\/suivi-projets\/","title":{"rendered":"Suivi projets"},"content":{"rendered":"\n<div class=\"wp-block-columns is-layout-flex wp-container-core-columns-is-layout-9d6595d7 wp-block-columns-is-layout-flex\">\n<div class=\"wp-block-column is-layout-flow wp-block-column-is-layout-flow\" style=\"flex-basis:100%\">\n<div class=\"wp-block-cover\" style=\"min-height:234px;aspect-ratio:unset;\"><img loading=\"lazy\" decoding=\"async\" width=\"651\" height=\"494\" class=\"wp-block-cover__image-background wp-image-425\" alt=\"\" src=\"https:\/\/ccrv-cagnes.fr\/wp-content\/uploads\/2025\/04\/202409-Navette_courses_centre_ville.jpg\" data-object-fit=\"cover\" srcset=\"https:\/\/ccrv-cagnes.fr\/wp-content\/uploads\/2025\/04\/202409-Navette_courses_centre_ville.jpg 651w, https:\/\/ccrv-cagnes.fr\/wp-content\/uploads\/2025\/04\/202409-Navette_courses_centre_ville-300x228.jpg 300w\" sizes=\"auto, (max-width: 651px) 100vw, 651px\" \/><span aria-hidden=\"true\" class=\"wp-block-cover__background has-background-dim\"><\/span><div class=\"wp-block-cover__inner-container is-layout-flow wp-block-cover-is-layout-flow\">\n<p class=\"has-text-align-center has-large-font-size\"><a href=\"https:\/\/ccrv-cagnes.fr\/wp-content\/uploads\/2025\/04\/202409-Flyer_Navette_courses_centre_ville.pdf\" target=\"_blank\" rel=\"noreferrer noopener\">Faites vos courses en centre ville<\/a><\/p>\n<\/div><\/div>\n<\/div>\n<\/div>\n\n\n\n<h2 class=\"wp-block-heading has-text-align-center SPAHPC\" id=\"SPAHPC\" style=\"font-size:33px;font-style:normal;font-weight:700\">Accessibilit\u00e9 hypercentre pour cagnois<\/h2>\n\n\n\n<p class=\"has-text-align-center\" style=\"line-height:0.5\"><strong>24 juin 2025<\/strong><\/p>\n\n\n\n<p class=\"has-text-align-left\" style=\"line-height:1.2\">Lors de cette r\u00e9union publique organis\u00e9e et anim\u00e9e par Louis N\u00e8gre, Romain Allemant et Nicolas Delwich \u00e9lus de Cagnes sur Mer, Louis Raillon Pr\u00e9sident du CCRV s&rsquo;est fait le porte-parole d&rsquo;un <br><strong><a href=\"https:\/\/ccrv-cagnes.fr\/wp-content\/uploads\/2026\/01\/20250721-ReunionCollectif.png\" target=\"_blank\" rel=\"noreferrer noopener\">collectif de 4 comit\u00e9s de quartiers, 3 associations de commer\u00e7ants ainsi que la f\u00e9d\u00e9ration des commer\u00e7ants<\/a><\/strong>, en proposant 3 solutions d&rsquo;am\u00e9lioration de l&rsquo;accessibilit\u00e9 \u00e0 l&rsquo;hypercentre de Cagnes. Monsieur le Maire a pris acte de ces propositions et s&rsquo;est engag\u00e9 \u00e0 y r\u00e9pondre apr\u00e8s \u00e9tude de faisabilit\u00e9.<\/p>\n\n\n\n<p class=\"has-text-align-center\"><strong>21 juillet 2025<\/strong><\/p>\n\n\n\n<p style=\"line-height:1.2\">Cette r\u00e9union a \u00e9t\u00e9 organis\u00e9e \u00e0 la demande du collectif ci-dessus gr\u00e2ce aux \u00e9lus travaillant avec les comit\u00e9s de quartiers, en particulier Romain Allemant pour la politique de la ville stationnement et circulation,&nbsp;plus Nicolas Delwich responsable des comit\u00e9s de quartiers.. Cela a donn\u00e9 l\u2019occasion de r\u00e9unir avec les responsables du collectif \u00e0 la fois des \u00e9lus mairie, des responsables Transports m\u00e9tropole donneurs d\u2019ordre et des responsables op\u00e9rationnels de la R\u00e9gie Ligne d\u2019Azur.<\/p>\n\n\n\n<ul class=\"wp-block-list\">\n<li><strong><a href=\"https:\/\/ccrv-cagnes.fr\/wp-content\/uploads\/2025\/08\/20250721-Presentation-Transports-TAD-bus-parkings.pdf\" target=\"_blank\" rel=\"noreferrer noopener\">Pr\u00e9sentation Transports\/TAD\/Bus\/Parkings<\/a><\/strong><\/li>\n\n\n\n<li><strong><a href=\"https:\/\/ccrv-cagnes.fr\/wp-content\/uploads\/2025\/08\/20250721-CR_Reunion-Transports-TAD-bus-parkings.pdf\" target=\"_blank\" rel=\"noreferrer noopener\">Compte-rendu r\u00e9union Transports\/TAD\/Bus\/Parking<\/a><\/strong><\/li>\n<\/ul>\n\n\n\n<p class=\"has-text-align-center\"><strong>PARKINGS<\/strong><\/p>\n\n\n\n<figure class=\"wp-block-image size-large\"><img loading=\"lazy\" decoding=\"async\" width=\"724\" height=\"1024\" src=\"https:\/\/ccrv-cagnes.fr\/wp-content\/uploads\/2026\/01\/20250626-Parkings_Acces-Direct-Hypercentre-et-gare-routiere-724x1024.jpg\" alt=\"\" class=\"wp-image-831\" srcset=\"https:\/\/ccrv-cagnes.fr\/wp-content\/uploads\/2026\/01\/20250626-Parkings_Acces-Direct-Hypercentre-et-gare-routiere-724x1024.jpg 724w, https:\/\/ccrv-cagnes.fr\/wp-content\/uploads\/2026\/01\/20250626-Parkings_Acces-Direct-Hypercentre-et-gare-routiere-212x300.jpg 212w, https:\/\/ccrv-cagnes.fr\/wp-content\/uploads\/2026\/01\/20250626-Parkings_Acces-Direct-Hypercentre-et-gare-routiere-768x1086.jpg 768w, https:\/\/ccrv-cagnes.fr\/wp-content\/uploads\/2026\/01\/20250626-Parkings_Acces-Direct-Hypercentre-et-gare-routiere-1087x1536.jpg 1087w, https:\/\/ccrv-cagnes.fr\/wp-content\/uploads\/2026\/01\/20250626-Parkings_Acces-Direct-Hypercentre-et-gare-routiere-1449x2048.jpg 1449w, https:\/\/ccrv-cagnes.fr\/wp-content\/uploads\/2026\/01\/20250626-Parkings_Acces-Direct-Hypercentre-et-gare-routiere-1568x2216.jpg 1568w, https:\/\/ccrv-cagnes.fr\/wp-content\/uploads\/2026\/01\/20250626-Parkings_Acces-Direct-Hypercentre-et-gare-routiere.jpg 1654w\" sizes=\"auto, (max-width: 724px) 100vw, 724px\" \/><\/figure>\n\n\n\n<p class=\"has-text-align-center\"><strong>TRANSPORTS<\/strong><\/p>\n\n\n\n<figure class=\"wp-block-image size-large\"><img loading=\"lazy\" decoding=\"async\" width=\"724\" height=\"1024\" src=\"https:\/\/ccrv-cagnes.fr\/wp-content\/uploads\/2026\/01\/20250626-Transports_Collines-Centre-TAD-724x1024.jpg\" alt=\"\" class=\"wp-image-833\" srcset=\"https:\/\/ccrv-cagnes.fr\/wp-content\/uploads\/2026\/01\/20250626-Transports_Collines-Centre-TAD-724x1024.jpg 724w, https:\/\/ccrv-cagnes.fr\/wp-content\/uploads\/2026\/01\/20250626-Transports_Collines-Centre-TAD-212x300.jpg 212w, https:\/\/ccrv-cagnes.fr\/wp-content\/uploads\/2026\/01\/20250626-Transports_Collines-Centre-TAD-768x1086.jpg 768w, https:\/\/ccrv-cagnes.fr\/wp-content\/uploads\/2026\/01\/20250626-Transports_Collines-Centre-TAD-1087x1536.jpg 1087w, https:\/\/ccrv-cagnes.fr\/wp-content\/uploads\/2026\/01\/20250626-Transports_Collines-Centre-TAD-1449x2048.jpg 1449w, https:\/\/ccrv-cagnes.fr\/wp-content\/uploads\/2026\/01\/20250626-Transports_Collines-Centre-TAD-1568x2216.jpg 1568w, https:\/\/ccrv-cagnes.fr\/wp-content\/uploads\/2026\/01\/20250626-Transports_Collines-Centre-TAD.jpg 1654w\" sizes=\"auto, (max-width: 724px) 100vw, 724px\" \/><\/figure>\n\n\n\n<p class=\"has-text-align-center\"><strong>INTERMODALITES<\/strong><\/p>\n\n\n\n<figure class=\"wp-block-image size-large\"><img loading=\"lazy\" decoding=\"async\" width=\"724\" height=\"1024\" src=\"https:\/\/ccrv-cagnes.fr\/wp-content\/uploads\/2026\/01\/20250626-Intermodalites-Coherence-bus-sncf-724x1024.jpg\" alt=\"\" class=\"wp-image-834\" srcset=\"https:\/\/ccrv-cagnes.fr\/wp-content\/uploads\/2026\/01\/20250626-Intermodalites-Coherence-bus-sncf-724x1024.jpg 724w, https:\/\/ccrv-cagnes.fr\/wp-content\/uploads\/2026\/01\/20250626-Intermodalites-Coherence-bus-sncf-212x300.jpg 212w, https:\/\/ccrv-cagnes.fr\/wp-content\/uploads\/2026\/01\/20250626-Intermodalites-Coherence-bus-sncf-768x1086.jpg 768w, https:\/\/ccrv-cagnes.fr\/wp-content\/uploads\/2026\/01\/20250626-Intermodalites-Coherence-bus-sncf-1087x1536.jpg 1087w, https:\/\/ccrv-cagnes.fr\/wp-content\/uploads\/2026\/01\/20250626-Intermodalites-Coherence-bus-sncf-1449x2048.jpg 1449w, https:\/\/ccrv-cagnes.fr\/wp-content\/uploads\/2026\/01\/20250626-Intermodalites-Coherence-bus-sncf-1568x2216.jpg 1568w, https:\/\/ccrv-cagnes.fr\/wp-content\/uploads\/2026\/01\/20250626-Intermodalites-Coherence-bus-sncf.jpg 1654w\" sizes=\"auto, (max-width: 724px) 100vw, 724px\" \/><\/figure>\n\n\n\n<p style=\"line-height:1\"><\/p>\n\n\n\n<p><\/p>\n","protected":false},"excerpt":{"rendered":"<p>Accessibilit\u00e9 hypercentre pour cagnois 24 juin 2025 Lors de cette r\u00e9union publique organis\u00e9e et anim\u00e9e par Louis N\u00e8gre, Romain Allemant et Nicolas Delwich \u00e9lus de Cagnes sur Mer, Louis Raillon&hellip; <a class=\"more-link\" href=\"https:\/\/ccrv-cagnes.fr\/index.php\/suivi-projets\/\">Poursuivre la lecture <span class=\"screen-reader-text\">Suivi projets<\/span><\/a><\/p>\n","protected":false},"author":1,"featured_media":0,"parent":0,"menu_order":0,"comment_status":"closed","ping_status":"closed","template":"","meta":{"footnotes":""},"class_list":["post-112","page","type-page","status-publish","hentry","entry"],"yoast_head":"<!-- This site is optimized with the Yoast SEO plugin v27.3 - https:\/\/yoast.com\/product\/yoast-seo-wordpress\/ -->\n<title>Suivi projets - Comit\u00e9 Collines Route de Vence<\/title>\n<meta name=\"robots\" content=\"index, follow, max-snippet:-1, max-image-preview:large, max-video-preview:-1\" \/>\n<link rel=\"canonical\" href=\"https:\/\/ccrv-cagnes.fr\/index.php\/suivi-projets\/\" \/>\n<meta property=\"og:locale\" content=\"fr_FR\" \/>\n<meta property=\"og:type\" content=\"article\" \/>\n<meta property=\"og:title\" content=\"Suivi projets - Comit\u00e9 Collines Route de Vence\" \/>\n<meta property=\"og:description\" content=\"Accessibilit\u00e9 hypercentre pour cagnois 24 juin 2025 Lors de cette r\u00e9union publique organis\u00e9e et anim\u00e9e par Louis N\u00e8gre, Romain Allemant et Nicolas Delwich \u00e9lus de Cagnes sur Mer, Louis Raillon&hellip; Poursuivre la lecture Suivi projets\" \/>\n<meta property=\"og:url\" content=\"https:\/\/ccrv-cagnes.fr\/index.php\/suivi-projets\/\" \/>\n<meta property=\"og:site_name\" content=\"Comit\u00e9 Collines Route de Vence\" \/>\n<meta property=\"article:modified_time\" content=\"2026-01-29T10:39:44+00:00\" \/>\n<meta property=\"og:image\" content=\"http:\/\/ccrv-cagnes.fr\/wp-content\/uploads\/2025\/04\/202409-Navette_courses_centre_ville.jpg\" \/>\n<meta name=\"twitter:card\" content=\"summary_large_image\" \/>\n<meta name=\"twitter:label1\" content=\"Dur\u00e9e de lecture estim\u00e9e\" \/>\n\t<meta name=\"twitter:data1\" content=\"2 minutes\" \/>\n<script type=\"application\/ld+json\" class=\"yoast-schema-graph\">{\"@context\":\"https:\\\/\\\/schema.org\",\"@graph\":[{\"@type\":\"WebPage\",\"@id\":\"https:\\\/\\\/ccrv-cagnes.fr\\\/index.php\\\/suivi-projets\\\/\",\"url\":\"https:\\\/\\\/ccrv-cagnes.fr\\\/index.php\\\/suivi-projets\\\/\",\"name\":\"Suivi projets - Comit\u00e9 Collines Route de Vence\",\"isPartOf\":{\"@id\":\"https:\\\/\\\/ccrv-cagnes.fr\\\/#website\"},\"primaryImageOfPage\":{\"@id\":\"https:\\\/\\\/ccrv-cagnes.fr\\\/index.php\\\/suivi-projets\\\/#primaryimage\"},\"image\":{\"@id\":\"https:\\\/\\\/ccrv-cagnes.fr\\\/index.php\\\/suivi-projets\\\/#primaryimage\"},\"thumbnailUrl\":\"http:\\\/\\\/ccrv-cagnes.fr\\\/wp-content\\\/uploads\\\/2025\\\/04\\\/202409-Navette_courses_centre_ville.jpg\",\"datePublished\":\"2025-03-25T14:30:14+00:00\",\"dateModified\":\"2026-01-29T10:39:44+00:00\",\"breadcrumb\":{\"@id\":\"https:\\\/\\\/ccrv-cagnes.fr\\\/index.php\\\/suivi-projets\\\/#breadcrumb\"},\"inLanguage\":\"fr-FR\",\"potentialAction\":[{\"@type\":\"ReadAction\",\"target\":[\"https:\\\/\\\/ccrv-cagnes.fr\\\/index.php\\\/suivi-projets\\\/\"]}]},{\"@type\":\"ImageObject\",\"inLanguage\":\"fr-FR\",\"@id\":\"https:\\\/\\\/ccrv-cagnes.fr\\\/index.php\\\/suivi-projets\\\/#primaryimage\",\"url\":\"http:\\\/\\\/ccrv-cagnes.fr\\\/wp-content\\\/uploads\\\/2025\\\/04\\\/202409-Navette_courses_centre_ville.jpg\",\"contentUrl\":\"http:\\\/\\\/ccrv-cagnes.fr\\\/wp-content\\\/uploads\\\/2025\\\/04\\\/202409-Navette_courses_centre_ville.jpg\"},{\"@type\":\"BreadcrumbList\",\"@id\":\"https:\\\/\\\/ccrv-cagnes.fr\\\/index.php\\\/suivi-projets\\\/#breadcrumb\",\"itemListElement\":[{\"@type\":\"ListItem\",\"position\":1,\"name\":\"Accueil\",\"item\":\"https:\\\/\\\/ccrv-cagnes.fr\\\/\"},{\"@type\":\"ListItem\",\"position\":2,\"name\":\"Suivi projets\"}]},{\"@type\":\"WebSite\",\"@id\":\"https:\\\/\\\/ccrv-cagnes.fr\\\/#website\",\"url\":\"https:\\\/\\\/ccrv-cagnes.fr\\\/\",\"name\":\"Comit\u00e9 Collines Route de Vence\",\"description\":\"Am\u00e9liorons la qualit\u00e9  de vie de nos quartiers !\",\"publisher\":{\"@id\":\"https:\\\/\\\/ccrv-cagnes.fr\\\/#organization\"},\"potentialAction\":[{\"@type\":\"SearchAction\",\"target\":{\"@type\":\"EntryPoint\",\"urlTemplate\":\"https:\\\/\\\/ccrv-cagnes.fr\\\/?s={search_term_string}\"},\"query-input\":{\"@type\":\"PropertyValueSpecification\",\"valueRequired\":true,\"valueName\":\"search_term_string\"}}],\"inLanguage\":\"fr-FR\"},{\"@type\":\"Organization\",\"@id\":\"https:\\\/\\\/ccrv-cagnes.fr\\\/#organization\",\"name\":\"Comit\u00e9 Collines Route de Vence\",\"url\":\"https:\\\/\\\/ccrv-cagnes.fr\\\/\",\"logo\":{\"@type\":\"ImageObject\",\"inLanguage\":\"fr-FR\",\"@id\":\"https:\\\/\\\/ccrv-cagnes.fr\\\/#\\\/schema\\\/logo\\\/image\\\/\",\"url\":\"https:\\\/\\\/ccrv-cagnes.fr\\\/wp-content\\\/uploads\\\/2025\\\/03\\\/cropped-cropped-CRDV-Logo-couleur.jpg\",\"contentUrl\":\"https:\\\/\\\/ccrv-cagnes.fr\\\/wp-content\\\/uploads\\\/2025\\\/03\\\/cropped-cropped-CRDV-Logo-couleur.jpg\",\"width\":609,\"height\":693,\"caption\":\"Comit\u00e9 Collines Route de Vence\"},\"image\":{\"@id\":\"https:\\\/\\\/ccrv-cagnes.fr\\\/#\\\/schema\\\/logo\\\/image\\\/\"}}]}<\/script>\n<!-- \/ Yoast SEO plugin. -->","yoast_head_json":{"title":"Suivi projets - Comit\u00e9 Collines Route de Vence","robots":{"index":"index","follow":"follow","max-snippet":"max-snippet:-1","max-image-preview":"max-image-preview:large","max-video-preview":"max-video-preview:-1"},"canonical":"https:\/\/ccrv-cagnes.fr\/index.php\/suivi-projets\/","og_locale":"fr_FR","og_type":"article","og_title":"Suivi projets - Comit\u00e9 Collines Route de Vence","og_description":"Accessibilit\u00e9 hypercentre pour cagnois 24 juin 2025 Lors de cette r\u00e9union publique organis\u00e9e et anim\u00e9e par Louis N\u00e8gre, Romain Allemant et Nicolas Delwich \u00e9lus de Cagnes sur Mer, Louis Raillon&hellip; Poursuivre la lecture Suivi projets","og_url":"https:\/\/ccrv-cagnes.fr\/index.php\/suivi-projets\/","og_site_name":"Comit\u00e9 Collines Route de Vence","article_modified_time":"2026-01-29T10:39:44+00:00","og_image":[{"url":"http:\/\/ccrv-cagnes.fr\/wp-content\/uploads\/2025\/04\/202409-Navette_courses_centre_ville.jpg","type":"","width":"","height":""}],"twitter_card":"summary_large_image","twitter_misc":{"Dur\u00e9e de lecture estim\u00e9e":"2 minutes"},"schema":{"@context":"https:\/\/schema.org","@graph":[{"@type":"WebPage","@id":"https:\/\/ccrv-cagnes.fr\/index.php\/suivi-projets\/","url":"https:\/\/ccrv-cagnes.fr\/index.php\/suivi-projets\/","name":"Suivi projets - Comit\u00e9 Collines Route de Vence","isPartOf":{"@id":"https:\/\/ccrv-cagnes.fr\/#website"},"primaryImageOfPage":{"@id":"https:\/\/ccrv-cagnes.fr\/index.php\/suivi-projets\/#primaryimage"},"image":{"@id":"https:\/\/ccrv-cagnes.fr\/index.php\/suivi-projets\/#primaryimage"},"thumbnailUrl":"http:\/\/ccrv-cagnes.fr\/wp-content\/uploads\/2025\/04\/202409-Navette_courses_centre_ville.jpg","datePublished":"2025-03-25T14:30:14+00:00","dateModified":"2026-01-29T10:39:44+00:00","breadcrumb":{"@id":"https:\/\/ccrv-cagnes.fr\/index.php\/suivi-projets\/#breadcrumb"},"inLanguage":"fr-FR","potentialAction":[{"@type":"ReadAction","target":["https:\/\/ccrv-cagnes.fr\/index.php\/suivi-projets\/"]}]},{"@type":"ImageObject","inLanguage":"fr-FR","@id":"https:\/\/ccrv-cagnes.fr\/index.php\/suivi-projets\/#primaryimage","url":"http:\/\/ccrv-cagnes.fr\/wp-content\/uploads\/2025\/04\/202409-Navette_courses_centre_ville.jpg","contentUrl":"http:\/\/ccrv-cagnes.fr\/wp-content\/uploads\/2025\/04\/202409-Navette_courses_centre_ville.jpg"},{"@type":"BreadcrumbList","@id":"https:\/\/ccrv-cagnes.fr\/index.php\/suivi-projets\/#breadcrumb","itemListElement":[{"@type":"ListItem","position":1,"name":"Accueil","item":"https:\/\/ccrv-cagnes.fr\/"},{"@type":"ListItem","position":2,"name":"Suivi projets"}]},{"@type":"WebSite","@id":"https:\/\/ccrv-cagnes.fr\/#website","url":"https:\/\/ccrv-cagnes.fr\/","name":"Comit\u00e9 Collines Route de Vence","description":"Am\u00e9liorons la qualit\u00e9  de vie de nos quartiers !","publisher":{"@id":"https:\/\/ccrv-cagnes.fr\/#organization"},"potentialAction":[{"@type":"SearchAction","target":{"@type":"EntryPoint","urlTemplate":"https:\/\/ccrv-cagnes.fr\/?s={search_term_string}"},"query-input":{"@type":"PropertyValueSpecification","valueRequired":true,"valueName":"search_term_string"}}],"inLanguage":"fr-FR"},{"@type":"Organization","@id":"https:\/\/ccrv-cagnes.fr\/#organization","name":"Comit\u00e9 Collines Route de Vence","url":"https:\/\/ccrv-cagnes.fr\/","logo":{"@type":"ImageObject","inLanguage":"fr-FR","@id":"https:\/\/ccrv-cagnes.fr\/#\/schema\/logo\/image\/","url":"https:\/\/ccrv-cagnes.fr\/wp-content\/uploads\/2025\/03\/cropped-cropped-CRDV-Logo-couleur.jpg","contentUrl":"https:\/\/ccrv-cagnes.fr\/wp-content\/uploads\/2025\/03\/cropped-cropped-CRDV-Logo-couleur.jpg","width":609,"height":693,"caption":"Comit\u00e9 Collines Route de Vence"},"image":{"@id":"https:\/\/ccrv-cagnes.fr\/#\/schema\/logo\/image\/"}}]}},"_links":{"self":[{"href":"https:\/\/ccrv-cagnes.fr\/index.php\/wp-json\/wp\/v2\/pages\/112","targetHints":{"allow":["GET"]}}],"collection":[{"href":"https:\/\/ccrv-cagnes.fr\/index.php\/wp-json\/wp\/v2\/pages"}],"about":[{"href":"https:\/\/ccrv-cagnes.fr\/index.php\/wp-json\/wp\/v2\/types\/page"}],"author":[{"embeddable":true,"href":"https:\/\/ccrv-cagnes.fr\/index.php\/wp-json\/wp\/v2\/users\/1"}],"replies":[{"embeddable":true,"href":"https:\/\/ccrv-cagnes.fr\/index.php\/wp-json\/wp\/v2\/comments?post=112"}],"version-history":[{"count":33,"href":"https:\/\/ccrv-cagnes.fr\/index.php\/wp-json\/wp\/v2\/pages\/112\/revisions"}],"predecessor-version":[{"id":1044,"href":"https:\/\/ccrv-cagnes.fr\/index.php\/wp-json\/wp\/v2\/pages\/112\/revisions\/1044"}],"wp:attachment":[{"href":"https:\/\/ccrv-cagnes.fr\/index.php\/wp-json\/wp\/v2\/media?parent=112"}],"curies":[{"name":"wp","href":"https:\/\/api.w.org\/{rel}","templated":true}]}}